{"id":2008,"date":"2024-06-07T08:25:17","date_gmt":"2024-06-07T08:25:17","guid":{"rendered":"https:\/\/www.cars-in-china.com\/?post_type=product&#038;p=2008"},"modified":"2024-08-09T07:20:19","modified_gmt":"2024-08-09T07:20:19","slug":"2022-toyota-bz4x","status":"publish","type":"product","link":"https:\/\/www.cars-in-china.com\/pt\/2022-toyota-bz4x\/","title":{"rendered":"Toyota BZ4X 2022"},"content":{"rendered":"<p>O Toyota bZ4X \u00e9 um carro SUV vendido pela exportadora de carros el\u00e9tricos da China DUDU NEV (revendedora autorizada oficial da Toyota). O carro est\u00e1 em boas condi\u00e7\u00f5es com quilometragem muito baixa, cerca de 30.000-100.000 km. N\u00e3o \u00e9 um acidente e tem um relat\u00f3rio de inspe\u00e7\u00e3o. Agora h\u00e1 400 unidades em estoque sobre o carro dispon\u00edvel para envio em 3 dias. O carro \u00e9 equipado com um teto solar el\u00e9trico que pode ser aberto. \u00c9 uma venda quente em todo o mundo.<\/p>","protected":false},"excerpt":{"rendered":"<p>O Toyota bZ4X \u00e9 um SUV vendido pela exportadora chinesa de carros el\u00e9tricos DUDU NEV (concession\u00e1ria oficial autorizada da Toyota). O carro est\u00e1 em boas condi\u00e7\u00f5es, com baix\u00edssima quilometragem, entre 30.000 e 100.000 km. N\u00e3o \u00e9 sinistro e possui laudo de inspe\u00e7\u00e3o. Atualmente, h\u00e1 400 unidades em estoque, dispon\u00edveis para envio em 3 dias. O carro est\u00e1 [\u2026]<\/p>","protected":false},"featured_media":2025,"comment_status":"open","ping_status":"closed","template":"","meta":{"_acf_changed":false},"product_brand":[],"product_cat":[21,45],"product_tag":[],"class_list":{"0":"post-2008","1":"product","2":"type-product","3":"status-publish","4":"has-post-thumbnail","6":"product_cat-used-car","7":"product_cat-used-toyota","9":"first","10":"instock","11":"shipping-taxable","12":"purchasable","13":"product-type-simple"},"acf":[],"_links":{"self":[{"href":"https:\/\/www.cars-in-china.com\/pt\/wp-json\/wp\/v2\/product\/2008","targetHints":{"allow":["GET"]}}],"collection":[{"href":"https:\/\/www.cars-in-china.com\/pt\/wp-json\/wp\/v2\/product"}],"about":[{"href":"https:\/\/www.cars-in-china.com\/pt\/wp-json\/wp\/v2\/types\/product"}],"replies":[{"embeddable":true,"href":"https:\/\/www.cars-in-china.com\/pt\/wp-json\/wp\/v2\/comments?post=2008"}],"wp:featuredmedia":[{"embeddable":true,"href":"https:\/\/www.cars-in-china.com\/pt\/wp-json\/wp\/v2\/media\/2025"}],"wp:attachment":[{"href":"https:\/\/www.cars-in-china.com\/pt\/wp-json\/wp\/v2\/media?parent=2008"}],"wp:term":[{"taxonomy":"product_brand","embeddable":true,"href":"https:\/\/www.cars-in-china.com\/pt\/wp-json\/wp\/v2\/product_brand?post=2008"},{"taxonomy":"product_cat","embeddable":true,"href":"https:\/\/www.cars-in-china.com\/pt\/wp-json\/wp\/v2\/product_cat?post=2008"},{"taxonomy":"product_tag","embeddable":true,"href":"https:\/\/www.cars-in-china.com\/pt\/wp-json\/wp\/v2\/product_tag?post=2008"}],"curies":[{"name":"wp","href":"https:\/\/api.w.org\/{rel}","templated":true}]}}