{"id":1920,"date":"2024-06-04T07:18:44","date_gmt":"2024-06-04T07:18:44","guid":{"rendered":"https:\/\/www.cars-in-china.com\/?post_type=product&#038;p=1920"},"modified":"2025-02-05T11:00:23","modified_gmt":"2025-02-05T03:00:23","slug":"2022-neta-u","status":"publish","type":"product","link":"https:\/\/www.cars-in-china.com\/pt\/2022-neta-u\/","title":{"rendered":"2022 NETA U pro 400"},"content":{"rendered":"<p>O NETA U pro 400 2022 \u00e9 um SUV compacto vendido pela exportadora de carros el\u00e9tricos da China DUDU NEV (revendedora autorizada oficial da Hozon). O carro est\u00e1 em boas condi\u00e7\u00f5es com quilometragem muito baixa, cerca de 60.000-100.000 km. N\u00e3o \u00e9 um acidente e tem um relat\u00f3rio de inspe\u00e7\u00e3o. Agora h\u00e1 100 unidades em estoque sobre o carro dispon\u00edvel para envio em 3 dias. O carro \u00e9 equipado com uma c\u00e2mera de r\u00e9. \u00c9 uma venda quente em todo o mundo.<\/p>","protected":false},"excerpt":{"rendered":"<p>O NETA U pro 400 2022 \u00e9 um SUV compacto vendido pela exportadora chinesa de carros el\u00e9tricos DUDU NEV (concession\u00e1ria oficial autorizada da Hozon). O carro est\u00e1 em boas condi\u00e7\u00f5es, com baix\u00edssima quilometragem, entre 60.000 e 100.000 km. N\u00e3o sofreu acidentes e possui laudo de inspe\u00e7\u00e3o. Atualmente, h\u00e1 100 unidades em estoque, dispon\u00edveis para envio em 3 [\u2026]<\/p>","protected":false},"featured_media":1935,"comment_status":"closed","ping_status":"closed","template":"","meta":{"_acf_changed":false},"product_brand":[],"product_cat":[21,56],"product_tag":[],"class_list":{"0":"post-1920","1":"product","2":"type-product","3":"status-publish","4":"has-post-thumbnail","6":"product_cat-used-car","7":"product_cat-used-neta","9":"first","10":"instock","11":"shipping-taxable","12":"purchasable","13":"product-type-simple"},"acf":[],"_links":{"self":[{"href":"https:\/\/www.cars-in-china.com\/pt\/wp-json\/wp\/v2\/product\/1920","targetHints":{"allow":["GET"]}}],"collection":[{"href":"https:\/\/www.cars-in-china.com\/pt\/wp-json\/wp\/v2\/product"}],"about":[{"href":"https:\/\/www.cars-in-china.com\/pt\/wp-json\/wp\/v2\/types\/product"}],"replies":[{"embeddable":true,"href":"https:\/\/www.cars-in-china.com\/pt\/wp-json\/wp\/v2\/comments?post=1920"}],"wp:featuredmedia":[{"embeddable":true,"href":"https:\/\/www.cars-in-china.com\/pt\/wp-json\/wp\/v2\/media\/1935"}],"wp:attachment":[{"href":"https:\/\/www.cars-in-china.com\/pt\/wp-json\/wp\/v2\/media?parent=1920"}],"wp:term":[{"taxonomy":"product_brand","embeddable":true,"href":"https:\/\/www.cars-in-china.com\/pt\/wp-json\/wp\/v2\/product_brand?post=1920"},{"taxonomy":"product_cat","embeddable":true,"href":"https:\/\/www.cars-in-china.com\/pt\/wp-json\/wp\/v2\/product_cat?post=1920"},{"taxonomy":"product_tag","embeddable":true,"href":"https:\/\/www.cars-in-china.com\/pt\/wp-json\/wp\/v2\/product_tag?post=1920"}],"curies":[{"name":"wp","href":"https:\/\/api.w.org\/{rel}","templated":true}]}}