{"id":1910,"date":"2024-05-30T08:43:05","date_gmt":"2024-05-30T08:43:05","guid":{"rendered":"https:\/\/www.cars-in-china.com\/?post_type=product&#038;p=1910"},"modified":"2024-08-09T07:04:48","modified_gmt":"2024-08-09T07:04:48","slug":"2022-hongqi-e-hs9","status":"publish","type":"product","link":"https:\/\/www.cars-in-china.com\/pt\/2022-hongqi-e-hs9\/","title":{"rendered":"2022 Hongqi E-Hs9"},"content":{"rendered":"<p>O Hongqi Ehs9 2022 \u00e9 um carro SUV vendido pela exportadora de carros el\u00e9tricos da China DUDU NEV (revendedora autorizada oficial da Hongqi). O carro est\u00e1 em boas condi\u00e7\u00f5es com quilometragem muito baixa, cerca de 60.000-100.000 km. N\u00e3o \u00e9 um acidente e tem um relat\u00f3rio de inspe\u00e7\u00e3o. Agora h\u00e1 200 unidades em estoque sobre o carro dispon\u00edvel para envio em 3 dias. O carro \u00e9 equipado com um teto solar el\u00e9trico que pode ser aberto. \u00c9 uma venda quente em todo o mundo.<\/p>","protected":false},"excerpt":{"rendered":"<p>O Hongqi EHS9 2022 \u00e9 um SUV vendido pela exportadora chinesa de carros el\u00e9tricos DUDU NEV (concession\u00e1ria oficial autorizada da Hongqi). O carro est\u00e1 em boas condi\u00e7\u00f5es, com baix\u00edssima quilometragem, cerca de 60.000 a 100.000 km. N\u00e3o \u00e9 sinistro e possui laudo de inspe\u00e7\u00e3o. Atualmente, h\u00e1 200 unidades em estoque, dispon\u00edveis para envio em 3 dias. O carro est\u00e1 equipado com [\u2026]<\/p>","protected":false},"featured_media":1861,"comment_status":"open","ping_status":"closed","template":"","meta":{"_acf_changed":false},"product_brand":[],"product_cat":[21,55],"product_tag":[],"class_list":{"0":"post-1910","1":"product","2":"type-product","3":"status-publish","4":"has-post-thumbnail","6":"product_cat-used-car","7":"product_cat-used-hongqi","9":"first","10":"instock","11":"shipping-taxable","12":"purchasable","13":"product-type-simple"},"acf":[],"_links":{"self":[{"href":"https:\/\/www.cars-in-china.com\/pt\/wp-json\/wp\/v2\/product\/1910","targetHints":{"allow":["GET"]}}],"collection":[{"href":"https:\/\/www.cars-in-china.com\/pt\/wp-json\/wp\/v2\/product"}],"about":[{"href":"https:\/\/www.cars-in-china.com\/pt\/wp-json\/wp\/v2\/types\/product"}],"replies":[{"embeddable":true,"href":"https:\/\/www.cars-in-china.com\/pt\/wp-json\/wp\/v2\/comments?post=1910"}],"wp:featuredmedia":[{"embeddable":true,"href":"https:\/\/www.cars-in-china.com\/pt\/wp-json\/wp\/v2\/media\/1861"}],"wp:attachment":[{"href":"https:\/\/www.cars-in-china.com\/pt\/wp-json\/wp\/v2\/media?parent=1910"}],"wp:term":[{"taxonomy":"product_brand","embeddable":true,"href":"https:\/\/www.cars-in-china.com\/pt\/wp-json\/wp\/v2\/product_brand?post=1910"},{"taxonomy":"product_cat","embeddable":true,"href":"https:\/\/www.cars-in-china.com\/pt\/wp-json\/wp\/v2\/product_cat?post=1910"},{"taxonomy":"product_tag","embeddable":true,"href":"https:\/\/www.cars-in-china.com\/pt\/wp-json\/wp\/v2\/product_tag?post=1910"}],"curies":[{"name":"wp","href":"https:\/\/api.w.org\/{rel}","templated":true}]}}