{"id":15435,"date":"2026-04-03T16:24:24","date_gmt":"2026-04-03T08:24:24","guid":{"rendered":"https:\/\/www.cars-in-china.com\/?post_type=product&#038;p=15435"},"modified":"2026-04-07T17:04:10","modified_gmt":"2026-04-07T09:04:10","slug":"2025-byd-sea-lion-06-ev","status":"publish","type":"product","link":"https:\/\/www.cars-in-china.com\/pt\/2025-byd-sea-lion-06-ev\/","title":{"rendered":"BYD SEA LION 06 EV 2025"},"content":{"rendered":"<p>O BYD SEA LION 06 EV 2025 \u00e9 um SUV comercializado pela DUDU NEV, exportadora chinesa de ve\u00edculos el\u00e9tricos (distribuidora autorizada da BYD). A DUDU NEV possui todas as qualifica\u00e7\u00f5es necess\u00e1rias para exporta\u00e7\u00e3o, incluindo documenta\u00e7\u00e3o completa e procedimentos simplificados, sendo uma unidade piloto de exporta\u00e7\u00e3o de autom\u00f3veis aprovada pelo Minist\u00e9rio do Com\u00e9rcio. Atualmente, cerca de 50 unidades est\u00e3o em estoque, com previs\u00e3o de entrega em 10 dias. O ve\u00edculo \u00e9 um sucesso de vendas em todo o mundo.<\/p>","protected":false},"excerpt":{"rendered":"<p>O BYD SEA LION 06 EV 2025 \u00e9 um SUV vendido pela exportadora chinesa de carros el\u00e9tricos DUDU NEV (concession\u00e1ria autorizada da BYD). A DUDU NEV possui qualifica\u00e7\u00f5es profissionais para exporta\u00e7\u00e3o, incluindo documenta\u00e7\u00e3o completa e procedimentos simplificados, sendo uma unidade piloto de exporta\u00e7\u00e3o de autom\u00f3veis aprovada pelo Minist\u00e9rio do Com\u00e9rcio. Atualmente, h\u00e1 cerca de 50 unidades em estoque.<\/p>","protected":false},"featured_media":15108,"comment_status":"open","ping_status":"closed","template":"","meta":{"_acf_changed":false},"product_brand":[],"product_cat":[20,22],"product_tag":[],"class_list":{"0":"post-15435","1":"product","2":"type-product","3":"status-publish","4":"has-post-thumbnail","6":"product_cat-new-car","7":"product_cat-byd","9":"first","10":"instock","11":"shipping-taxable","12":"purchasable","13":"product-type-simple"},"acf":[],"_links":{"self":[{"href":"https:\/\/www.cars-in-china.com\/pt\/wp-json\/wp\/v2\/product\/15435","targetHints":{"allow":["GET"]}}],"collection":[{"href":"https:\/\/www.cars-in-china.com\/pt\/wp-json\/wp\/v2\/product"}],"about":[{"href":"https:\/\/www.cars-in-china.com\/pt\/wp-json\/wp\/v2\/types\/product"}],"replies":[{"embeddable":true,"href":"https:\/\/www.cars-in-china.com\/pt\/wp-json\/wp\/v2\/comments?post=15435"}],"wp:featuredmedia":[{"embeddable":true,"href":"https:\/\/www.cars-in-china.com\/pt\/wp-json\/wp\/v2\/media\/15108"}],"wp:attachment":[{"href":"https:\/\/www.cars-in-china.com\/pt\/wp-json\/wp\/v2\/media?parent=15435"}],"wp:term":[{"taxonomy":"product_brand","embeddable":true,"href":"https:\/\/www.cars-in-china.com\/pt\/wp-json\/wp\/v2\/product_brand?post=15435"},{"taxonomy":"product_cat","embeddable":true,"href":"https:\/\/www.cars-in-china.com\/pt\/wp-json\/wp\/v2\/product_cat?post=15435"},{"taxonomy":"product_tag","embeddable":true,"href":"https:\/\/www.cars-in-china.com\/pt\/wp-json\/wp\/v2\/product_tag?post=15435"}],"curies":[{"name":"wp","href":"https:\/\/api.w.org\/{rel}","templated":true}]}}