{"id":15433,"date":"2026-04-03T15:26:36","date_gmt":"2026-04-03T07:26:36","guid":{"rendered":"https:\/\/www.cars-in-china.com\/?post_type=product&#038;p=15433"},"modified":"2026-04-07T15:32:44","modified_gmt":"2026-04-07T07:32:44","slug":"2025-byd-tang-l-dm","status":"publish","type":"product","link":"https:\/\/www.cars-in-china.com\/pt\/2025-byd-tang-l-dm\/","title":{"rendered":"2025 BYD TANG L DM"},"content":{"rendered":"<p>O BYD TANG L DM 2025 \u00e9 um SUV de porte m\u00e9dio (SUV familiar h\u00edbrido plug-in), tamb\u00e9m comercializado como \u201cSealion 05 DM-i\u201d na China, vendido pela exportadora chinesa de ve\u00edculos el\u00e9tricos DUDU NEV (concession\u00e1ria autorizada da BYD). A DUDU NEV possui qualifica\u00e7\u00f5es profissionais para exporta\u00e7\u00e3o, incluindo todas as certifica\u00e7\u00f5es necess\u00e1rias e procedimentos simplificados, sendo uma unidade piloto de exporta\u00e7\u00e3o de autom\u00f3veis aprovada pelo Minist\u00e9rio do Com\u00e9rcio. Atualmente, h\u00e1 cerca de 50 unidades em estoque, dispon\u00edveis para envio em at\u00e9 10 dias, com entrega r\u00e1pida. O ve\u00edculo \u00e9 um sucesso de vendas em todo o mundo.<\/p>","protected":false},"excerpt":{"rendered":"<p>O BYD TANG L DM 2025 \u00e9 um SUV de porte m\u00e9dio (SUV familiar h\u00edbrido plug-in), tamb\u00e9m vendido como \u201cSealion 05 DM-i\u201d na China, comercializado pela exportadora chinesa de ve\u00edculos el\u00e9tricos DUDU NEV (concession\u00e1ria autorizada da BYD). A DUDU NEV possui qualifica\u00e7\u00f5es profissionais para exporta\u00e7\u00e3o, incluindo todas as certifica\u00e7\u00f5es necess\u00e1rias e procedimentos simplificados, sendo uma unidade piloto de exporta\u00e7\u00e3o de autom\u00f3veis aprovada pelo Minist\u00e9rio de [\u2026]<\/p>","protected":false},"featured_media":15212,"comment_status":"open","ping_status":"closed","template":"","meta":{"_acf_changed":false},"product_brand":[],"product_cat":[20,22],"product_tag":[],"class_list":{"0":"post-15433","1":"product","2":"type-product","3":"status-publish","4":"has-post-thumbnail","6":"product_cat-new-car","7":"product_cat-byd","9":"first","10":"instock","11":"shipping-taxable","12":"purchasable","13":"product-type-simple"},"acf":[],"_links":{"self":[{"href":"https:\/\/www.cars-in-china.com\/pt\/wp-json\/wp\/v2\/product\/15433","targetHints":{"allow":["GET"]}}],"collection":[{"href":"https:\/\/www.cars-in-china.com\/pt\/wp-json\/wp\/v2\/product"}],"about":[{"href":"https:\/\/www.cars-in-china.com\/pt\/wp-json\/wp\/v2\/types\/product"}],"replies":[{"embeddable":true,"href":"https:\/\/www.cars-in-china.com\/pt\/wp-json\/wp\/v2\/comments?post=15433"}],"wp:featuredmedia":[{"embeddable":true,"href":"https:\/\/www.cars-in-china.com\/pt\/wp-json\/wp\/v2\/media\/15212"}],"wp:attachment":[{"href":"https:\/\/www.cars-in-china.com\/pt\/wp-json\/wp\/v2\/media?parent=15433"}],"wp:term":[{"taxonomy":"product_brand","embeddable":true,"href":"https:\/\/www.cars-in-china.com\/pt\/wp-json\/wp\/v2\/product_brand?post=15433"},{"taxonomy":"product_cat","embeddable":true,"href":"https:\/\/www.cars-in-china.com\/pt\/wp-json\/wp\/v2\/product_cat?post=15433"},{"taxonomy":"product_tag","embeddable":true,"href":"https:\/\/www.cars-in-china.com\/pt\/wp-json\/wp\/v2\/product_tag?post=15433"}],"curies":[{"name":"wp","href":"https:\/\/api.w.org\/{rel}","templated":true}]}}