{"id":1540,"date":"2024-05-24T03:51:56","date_gmt":"2024-05-24T03:51:56","guid":{"rendered":"https:\/\/www.cars-in-china.com\/?post_type=product&#038;p=1540"},"modified":"2024-08-22T03:01:36","modified_gmt":"2024-08-22T03:01:36","slug":"2021-1-2t-toyota-corolla","status":"publish","type":"product","link":"https:\/\/www.cars-in-china.com\/pt\/2021-1-2t-toyota-corolla\/","title":{"rendered":"Toyota Corolla 1.2T 2021"},"content":{"rendered":"<p>O Toyota Corolla 1.2T 2021 \u00e9 um carro compacto vendido pela concession\u00e1ria de carros el\u00e9tricos da China DUDU NEV (concession\u00e1ria autorizada oficial da Toyota). Este carro est\u00e1 em boas condi\u00e7\u00f5es com quilometragem muito baixa, cerca de 30.000-100.000 km. N\u00e3o \u00e9 um acidente e tem um relat\u00f3rio de inspe\u00e7\u00e3o. Agora h\u00e1 200 unidades em estoque sobre o carro dispon\u00edvel para envio em 3 dias. O carro \u00e9 equipado com um teto solar que pode ser aberto. \u00c9 uma venda quente em todo o mundo.<\/p>","protected":false},"excerpt":{"rendered":"<p>O Toyota Corolla 1.2T 2021 \u00e9 um carro compacto vendido pela concession\u00e1ria chinesa de carros el\u00e9tricos DUDU NEV (concession\u00e1ria oficial autorizada da Toyota). Este carro est\u00e1 em boas condi\u00e7\u00f5es, com baix\u00edssima quilometragem, cerca de 30.000 a 100.000 km. N\u00e3o sofreu acidentes e possui laudo de inspe\u00e7\u00e3o. Atualmente, h\u00e1 200 unidades em estoque dispon\u00edveis para envio em 3 [\u2026]<\/p>","protected":false},"featured_media":1560,"comment_status":"open","ping_status":"closed","template":"","meta":{"_acf_changed":false},"product_brand":[],"product_cat":[21,45],"product_tag":[],"class_list":{"0":"post-1540","1":"product","2":"type-product","3":"status-publish","4":"has-post-thumbnail","6":"product_cat-used-car","7":"product_cat-used-toyota","9":"first","10":"instock","11":"shipping-taxable","12":"purchasable","13":"product-type-simple"},"acf":[],"_links":{"self":[{"href":"https:\/\/www.cars-in-china.com\/pt\/wp-json\/wp\/v2\/product\/1540","targetHints":{"allow":["GET"]}}],"collection":[{"href":"https:\/\/www.cars-in-china.com\/pt\/wp-json\/wp\/v2\/product"}],"about":[{"href":"https:\/\/www.cars-in-china.com\/pt\/wp-json\/wp\/v2\/types\/product"}],"replies":[{"embeddable":true,"href":"https:\/\/www.cars-in-china.com\/pt\/wp-json\/wp\/v2\/comments?post=1540"}],"wp:featuredmedia":[{"embeddable":true,"href":"https:\/\/www.cars-in-china.com\/pt\/wp-json\/wp\/v2\/media\/1560"}],"wp:attachment":[{"href":"https:\/\/www.cars-in-china.com\/pt\/wp-json\/wp\/v2\/media?parent=1540"}],"wp:term":[{"taxonomy":"product_brand","embeddable":true,"href":"https:\/\/www.cars-in-china.com\/pt\/wp-json\/wp\/v2\/product_brand?post=1540"},{"taxonomy":"product_cat","embeddable":true,"href":"https:\/\/www.cars-in-china.com\/pt\/wp-json\/wp\/v2\/product_cat?post=1540"},{"taxonomy":"product_tag","embeddable":true,"href":"https:\/\/www.cars-in-china.com\/pt\/wp-json\/wp\/v2\/product_tag?post=1540"}],"curies":[{"name":"wp","href":"https:\/\/api.w.org\/{rel}","templated":true}]}}