{"id":1420,"date":"2024-05-22T07:20:27","date_gmt":"2024-05-22T07:20:27","guid":{"rendered":"https:\/\/www.cars-in-china.com\/?post_type=product&#038;p=1420"},"modified":"2024-08-13T06:02:32","modified_gmt":"2024-08-13T06:02:32","slug":"2019-nissan-sylphy","status":"publish","type":"product","link":"https:\/\/www.cars-in-china.com\/pt\/2019-nissan-sylphy\/","title":{"rendered":"Nissan Sylphy 2019"},"content":{"rendered":"<p>O Nissan Sylphy 2019 \u00e9 um carro compacto vendido pela exportadora de carros el\u00e9tricos da China DUDU NEV (revendedora autorizada oficial da Nissan). Tamb\u00e9m \u00e9 conhecido como Bluebird\u201d. O carro est\u00e1 em boas condi\u00e7\u00f5es com quilometragem muito baixa, cerca de 30.000-100.000 km. N\u00e3o \u00e9 um acidente e tem um relat\u00f3rio de inspe\u00e7\u00e3o. Agora, h\u00e1 300 unidades em estoque sobre o carro dispon\u00edvel para envio em 3 dias. O carro \u00e9 equipado com um teto solar el\u00e9trico que pode ser aberto e economiza combust\u00edvel. \u00c9 uma venda quente em todo o mundo.<\/p>","protected":false},"excerpt":{"rendered":"<p>O Nissan Sylphy 2019 \u00e9 um carro compacto vendido pela exportadora chinesa de carros el\u00e9tricos DUDU NEV (concession\u00e1ria oficial autorizada da Nissan). Tamb\u00e9m \u00e9 conhecido como Bluebird. O carro est\u00e1 em boas condi\u00e7\u00f5es, com baix\u00edssima quilometragem, cerca de 30.000 a 100.000 km. N\u00e3o sofreu acidentes e possui laudo de inspe\u00e7\u00e3o. Atualmente, h\u00e1 300 unidades em estoque do carro [\u2026]<\/p>","protected":false},"featured_media":1358,"comment_status":"open","ping_status":"closed","template":"","meta":{"_acf_changed":false},"product_brand":[],"product_cat":[21,48],"product_tag":[],"class_list":{"0":"post-1420","1":"product","2":"type-product","3":"status-publish","4":"has-post-thumbnail","6":"product_cat-used-car","7":"product_cat-used-nissan","9":"first","10":"instock","11":"shipping-taxable","12":"purchasable","13":"product-type-simple"},"acf":[],"_links":{"self":[{"href":"https:\/\/www.cars-in-china.com\/pt\/wp-json\/wp\/v2\/product\/1420","targetHints":{"allow":["GET"]}}],"collection":[{"href":"https:\/\/www.cars-in-china.com\/pt\/wp-json\/wp\/v2\/product"}],"about":[{"href":"https:\/\/www.cars-in-china.com\/pt\/wp-json\/wp\/v2\/types\/product"}],"replies":[{"embeddable":true,"href":"https:\/\/www.cars-in-china.com\/pt\/wp-json\/wp\/v2\/comments?post=1420"}],"wp:featuredmedia":[{"embeddable":true,"href":"https:\/\/www.cars-in-china.com\/pt\/wp-json\/wp\/v2\/media\/1358"}],"wp:attachment":[{"href":"https:\/\/www.cars-in-china.com\/pt\/wp-json\/wp\/v2\/media?parent=1420"}],"wp:term":[{"taxonomy":"product_brand","embeddable":true,"href":"https:\/\/www.cars-in-china.com\/pt\/wp-json\/wp\/v2\/product_brand?post=1420"},{"taxonomy":"product_cat","embeddable":true,"href":"https:\/\/www.cars-in-china.com\/pt\/wp-json\/wp\/v2\/product_cat?post=1420"},{"taxonomy":"product_tag","embeddable":true,"href":"https:\/\/www.cars-in-china.com\/pt\/wp-json\/wp\/v2\/product_tag?post=1420"}],"curies":[{"name":"wp","href":"https:\/\/api.w.org\/{rel}","templated":true}]}}