{"id":13581,"date":"2025-09-16T16:20:01","date_gmt":"2025-09-16T08:20:01","guid":{"rendered":"https:\/\/www.cars-in-china.com\/?post_type=product&#038;p=13581"},"modified":"2025-09-16T18:40:36","modified_gmt":"2025-09-16T10:40:36","slug":"2026-volkswagen-id-3","status":"publish","type":"product","link":"https:\/\/www.cars-in-china.com\/pt\/2026-volkswagen-id-3\/","title":{"rendered":"Volkswagen ID.3 2026"},"content":{"rendered":"<p>O Volkswagen ID.3 2026 \u00e9 um ve\u00edculo el\u00e9trico compacto vendido pela exportadora chinesa de carros el\u00e9tricos DUDU NEV (concession\u00e1ria oficial autorizada da SAIC Volkswagen). A DUDU NEV possui qualifica\u00e7\u00f5es profissionais para exporta\u00e7\u00e3o, qualifica\u00e7\u00f5es completas e procedimentos de exporta\u00e7\u00e3o convenientes, sendo uma unidade piloto de exporta\u00e7\u00e3o de autom\u00f3veis aprovada pelo Minist\u00e9rio do Com\u00e9rcio. Atualmente, h\u00e1 300 unidades em estoque, dispon\u00edveis para envio em 3 dias, e a entrega \u00e9 r\u00e1pida. O carro \u00e9 um sucesso de vendas em todo o mundo.<\/p>","protected":false},"excerpt":{"rendered":"<p>&nbsp;<\/p>\n<p>&nbsp;<\/p>\n<p>&nbsp;<\/p>\n<p>&nbsp;<\/p>","protected":false},"featured_media":13333,"comment_status":"closed","ping_status":"closed","template":"","meta":{"_acf_changed":false},"product_brand":[],"product_cat":[20,29],"product_tag":[],"class_list":{"0":"post-13581","1":"product","2":"type-product","3":"status-publish","4":"has-post-thumbnail","6":"product_cat-new-car","7":"product_cat-volkswagen","9":"first","10":"instock","11":"shipping-taxable","12":"purchasable","13":"product-type-simple"},"acf":[],"_links":{"self":[{"href":"https:\/\/www.cars-in-china.com\/pt\/wp-json\/wp\/v2\/product\/13581","targetHints":{"allow":["GET"]}}],"collection":[{"href":"https:\/\/www.cars-in-china.com\/pt\/wp-json\/wp\/v2\/product"}],"about":[{"href":"https:\/\/www.cars-in-china.com\/pt\/wp-json\/wp\/v2\/types\/product"}],"replies":[{"embeddable":true,"href":"https:\/\/www.cars-in-china.com\/pt\/wp-json\/wp\/v2\/comments?post=13581"}],"wp:featuredmedia":[{"embeddable":true,"href":"https:\/\/www.cars-in-china.com\/pt\/wp-json\/wp\/v2\/media\/13333"}],"wp:attachment":[{"href":"https:\/\/www.cars-in-china.com\/pt\/wp-json\/wp\/v2\/media?parent=13581"}],"wp:term":[{"taxonomy":"product_brand","embeddable":true,"href":"https:\/\/www.cars-in-china.com\/pt\/wp-json\/wp\/v2\/product_brand?post=13581"},{"taxonomy":"product_cat","embeddable":true,"href":"https:\/\/www.cars-in-china.com\/pt\/wp-json\/wp\/v2\/product_cat?post=13581"},{"taxonomy":"product_tag","embeddable":true,"href":"https:\/\/www.cars-in-china.com\/pt\/wp-json\/wp\/v2\/product_tag?post=13581"}],"curies":[{"name":"wp","href":"https:\/\/api.w.org\/{rel}","templated":true}]}}