{"id":1161,"date":"2024-05-21T08:42:21","date_gmt":"2024-05-21T08:42:21","guid":{"rendered":"https:\/\/www.cars-in-china.com\/?post_type=product&#038;p=1161"},"modified":"2024-05-24T09:03:01","modified_gmt":"2024-05-24T09:03:01","slug":"2021-volkswagen-id4","status":"publish","type":"product","link":"https:\/\/www.cars-in-china.com\/pt\/2021-volkswagen-id4\/","title":{"rendered":"Volkswagen ID.4 2021"},"content":{"rendered":"<p>O Volkswagen ID.4 2021 \u00e9 um carro SUV vendido pela exportadora de carros el\u00e9tricos da China DUDU NEV (revendedora autorizada oficial da Volkswagen). Este carro est\u00e1 em boas condi\u00e7\u00f5es com quilometragem muito baixa, cerca de 50.000-100.000 km. N\u00e3o \u00e9 um acidente e tem um relat\u00f3rio de inspe\u00e7\u00e3o. Agora, h\u00e1 400 unidades em estoque sobre o carro dispon\u00edvel para envio em 3 dias. O carro \u00e9 equipado com teto solar que pode ser aberto e economia de combust\u00edvel. \u00c9 uma venda quente em todo o mundo.<\/p>","protected":false},"excerpt":{"rendered":"<p>O Volkswagen ID.4 2021 \u00e9 um SUV vendido pela exportadora chinesa de carros el\u00e9tricos DUDU NEV (concession\u00e1ria autorizada da Volkswagen). Este carro est\u00e1 em bom estado, com baixa quilometragem, entre 50.000 e 100.000 km. Nunca sofreu acidentes e possui laudo de inspe\u00e7\u00e3o. H\u00e1 cerca de 400 unidades em estoque, dispon\u00edveis para envio em 3 dias. O carro [\u2026]<\/p>","protected":false},"featured_media":1246,"comment_status":"open","ping_status":"closed","template":"","meta":{"_acf_changed":false},"product_brand":[],"product_cat":[21,44],"product_tag":[],"class_list":{"0":"post-1161","1":"product","2":"type-product","3":"status-publish","4":"has-post-thumbnail","6":"product_cat-used-car","7":"product_cat-used-volkswagen","9":"first","10":"instock","11":"shipping-taxable","12":"purchasable","13":"product-type-simple"},"acf":[],"_links":{"self":[{"href":"https:\/\/www.cars-in-china.com\/pt\/wp-json\/wp\/v2\/product\/1161","targetHints":{"allow":["GET"]}}],"collection":[{"href":"https:\/\/www.cars-in-china.com\/pt\/wp-json\/wp\/v2\/product"}],"about":[{"href":"https:\/\/www.cars-in-china.com\/pt\/wp-json\/wp\/v2\/types\/product"}],"replies":[{"embeddable":true,"href":"https:\/\/www.cars-in-china.com\/pt\/wp-json\/wp\/v2\/comments?post=1161"}],"wp:featuredmedia":[{"embeddable":true,"href":"https:\/\/www.cars-in-china.com\/pt\/wp-json\/wp\/v2\/media\/1246"}],"wp:attachment":[{"href":"https:\/\/www.cars-in-china.com\/pt\/wp-json\/wp\/v2\/media?parent=1161"}],"wp:term":[{"taxonomy":"product_brand","embeddable":true,"href":"https:\/\/www.cars-in-china.com\/pt\/wp-json\/wp\/v2\/product_brand?post=1161"},{"taxonomy":"product_cat","embeddable":true,"href":"https:\/\/www.cars-in-china.com\/pt\/wp-json\/wp\/v2\/product_cat?post=1161"},{"taxonomy":"product_tag","embeddable":true,"href":"https:\/\/www.cars-in-china.com\/pt\/wp-json\/wp\/v2\/product_tag?post=1161"}],"curies":[{"name":"wp","href":"https:\/\/api.w.org\/{rel}","templated":true}]}}