{"id":84,"date":"2024-05-01T01:26:55","date_gmt":"2024-05-01T01:26:55","guid":{"rendered":"https:\/\/www.cars-in-china.com\/?page_id=84"},"modified":"2024-09-20T02:45:54","modified_gmt":"2024-09-20T02:45:54","slug":"about-us","status":"publish","type":"page","link":"https:\/\/www.cars-in-china.com\/pt\/about-us\/","title":{"rendered":"Sobre n\u00f3s"},"content":{"rendered":"","protected":false},"excerpt":{"rendered":"<p>A DUDU NEV \u00e9 uma exportadora l\u00edder de carros el\u00e9tricos chineses e uma das primeiras empresas de alta qualidade a obter qualifica\u00e7\u00f5es de exporta\u00e7\u00e3o de ve\u00edculos el\u00e9tricos do Minist\u00e9rio do Com\u00e9rcio da China. A DUDU NEV estabeleceu parcerias de expans\u00e3o no exterior com mais de 20 fabricantes de ve\u00edculos el\u00e9tricos, como BMW, Mercedes-Benz, Geely e BYD, e tem fornecido consistentemente as solu\u00e7\u00f5es e servi\u00e7os de compra de ve\u00edculos el\u00e9tricos chineses da mais alta qualidade para clientes globais.<\/p>","protected":false},"author":1,"featured_media":0,"parent":0,"menu_order":0,"comment_status":"closed","ping_status":"closed","template":"","meta":{"_acf_changed":false,"footnotes":""},"class_list":["post-84","page","type-page","status-publish","hentry"],"acf":[],"_links":{"self":[{"href":"https:\/\/www.cars-in-china.com\/pt\/wp-json\/wp\/v2\/pages\/84","targetHints":{"allow":["GET"]}}],"collection":[{"href":"https:\/\/www.cars-in-china.com\/pt\/wp-json\/wp\/v2\/pages"}],"about":[{"href":"https:\/\/www.cars-in-china.com\/pt\/wp-json\/wp\/v2\/types\/page"}],"author":[{"embeddable":true,"href":"https:\/\/www.cars-in-china.com\/pt\/wp-json\/wp\/v2\/users\/1"}],"replies":[{"embeddable":true,"href":"https:\/\/www.cars-in-china.com\/pt\/wp-json\/wp\/v2\/comments?post=84"}],"version-history":[{"count":100,"href":"https:\/\/www.cars-in-china.com\/pt\/wp-json\/wp\/v2\/pages\/84\/revisions"}],"predecessor-version":[{"id":8873,"href":"https:\/\/www.cars-in-china.com\/pt\/wp-json\/wp\/v2\/pages\/84\/revisions\/8873"}],"wp:attachment":[{"href":"https:\/\/www.cars-in-china.com\/pt\/wp-json\/wp\/v2\/media?parent=84"}],"curies":[{"name":"wp","href":"https:\/\/api.w.org\/{rel}","templated":true}]}}