{"id":9079,"date":"2025-02-05T13:06:34","date_gmt":"2025-02-05T05:06:34","guid":{"rendered":"https:\/\/www.cars-in-china.com\/?post_type=product&#038;p=9079"},"modified":"2025-02-08T17:12:16","modified_gmt":"2025-02-08T09:12:16","slug":"2021-chang-an-eado-ev460-2","status":"publish","type":"product","link":"https:\/\/www.cars-in-china.com\/fr\/2021-chang-an-eado-ev460-2\/","title":{"rendered":"Chang An Eado EV460 2021"},"content":{"rendered":"<p><span style=\"vertical-align: inherit;\"><span style=\"vertical-align: inherit;\"><span style=\"vertical-align: inherit;\"><span style=\"vertical-align: inherit;\">La Changan Eado EV460 2021 est une berline vendue par DUDU NEV (concessionnaire officiel agr\u00e9\u00e9 de Changan), un exportateur chinois de voitures \u00e9lectriques. La voiture est en bon \u00e9tat avec un tr\u00e8s faible kilom\u00e9trage d&#039;environ 60 000 \u00e0 100 000 km. Aucun accident, avec rapport d&#039;inspection. Il y a 400 unit\u00e9s en stock et elle peut \u00eatre exp\u00e9di\u00e9e sous 3 jours. La voiture est \u00e9quip\u00e9e d&#039;un toit ouvrant \u00e9lectrique ouvrable. Elle se vend tr\u00e8s bien dans le monde entier.<\/span><\/span><\/span><\/span><\/p>\n<p>&nbsp;<\/p>","protected":false},"excerpt":{"rendered":"<p>La Changan Eado EV460 2021 est une berline vendue par DUDU NEV (concessionnaire officiel agr\u00e9\u00e9 de Changan), exportateur chinois de voitures \u00e9lectriques. Elle est en bon \u00e9tat et affiche un tr\u00e8s faible kilom\u00e9trage, entre 60\u00a0000 et 100\u00a0000 km. Jamais accident\u00e9e, elle est accompagn\u00e9e d&#039;un rapport d&#039;inspection. 400 exemplaires sont en stock et peuvent \u00eatre exp\u00e9di\u00e9s sous 3 jours. [\u2026]<\/p>","protected":false},"featured_media":9080,"comment_status":"closed","ping_status":"closed","template":"","meta":{"_acf_changed":false},"product_brand":[],"product_cat":[21,47],"product_tag":[],"class_list":{"0":"post-9079","1":"product","2":"type-product","3":"status-publish","4":"has-post-thumbnail","6":"product_cat-used-car","7":"product_cat-used-changan","9":"first","10":"instock","11":"shipping-taxable","12":"purchasable","13":"product-type-simple"},"acf":[],"_links":{"self":[{"href":"https:\/\/www.cars-in-china.com\/fr\/wp-json\/wp\/v2\/product\/9079","targetHints":{"allow":["GET"]}}],"collection":[{"href":"https:\/\/www.cars-in-china.com\/fr\/wp-json\/wp\/v2\/product"}],"about":[{"href":"https:\/\/www.cars-in-china.com\/fr\/wp-json\/wp\/v2\/types\/product"}],"replies":[{"embeddable":true,"href":"https:\/\/www.cars-in-china.com\/fr\/wp-json\/wp\/v2\/comments?post=9079"}],"wp:featuredmedia":[{"embeddable":true,"href":"https:\/\/www.cars-in-china.com\/fr\/wp-json\/wp\/v2\/media\/9080"}],"wp:attachment":[{"href":"https:\/\/www.cars-in-china.com\/fr\/wp-json\/wp\/v2\/media?parent=9079"}],"wp:term":[{"taxonomy":"product_brand","embeddable":true,"href":"https:\/\/www.cars-in-china.com\/fr\/wp-json\/wp\/v2\/product_brand?post=9079"},{"taxonomy":"product_cat","embeddable":true,"href":"https:\/\/www.cars-in-china.com\/fr\/wp-json\/wp\/v2\/product_cat?post=9079"},{"taxonomy":"product_tag","embeddable":true,"href":"https:\/\/www.cars-in-china.com\/fr\/wp-json\/wp\/v2\/product_tag?post=9079"}],"curies":[{"name":"wp","href":"https:\/\/api.w.org\/{rel}","templated":true}]}}