{"id":7427,"date":"2024-08-06T01:50:30","date_gmt":"2024-08-06T01:50:30","guid":{"rendered":"https:\/\/www.cars-in-china.com\/?post_type=product&#038;p=7427"},"modified":"2024-08-07T09:08:43","modified_gmt":"2024-08-07T09:08:43","slug":"2022-mg4-ev","status":"publish","type":"product","link":"https:\/\/www.cars-in-china.com\/fr\/2022-mg4-ev\/","title":{"rendered":"MG4 \u00e9lectrique 2022"},"content":{"rendered":"<p>2022 MG4 EV est une berline vendue par l&#039;exportateur chinois de voitures \u00e9lectriques DUDU NEV (le concessionnaire officiel agr\u00e9\u00e9 de MG). DUDU NEV poss\u00e8de des qualifications d&#039;exportation professionnelles, des qualifications compl\u00e8tes et des proc\u00e9dures d&#039;exportation pratiques et est une unit\u00e9 pilote d&#039;exportation automobile approuv\u00e9e par le minist\u00e8re du Commerce. La voiture est en bon \u00e9tat avec un tr\u00e8s faible kilom\u00e9trage d&#039;environ 20 000 \u00e0 80 000 km. Elle n&#039;est pas accident\u00e9e et dispose d&#039;un rapport d&#039;inspection. Il y a maintenant 100 unit\u00e9s en stock sur la voiture disponibles pour une exp\u00e9dition en 3 jours et la vitesse de livraison est rapide. La voiture est en vente chaude dans le monde entier.<\/p>","protected":false},"excerpt":{"rendered":"<p>2022 MG4 EV est une berline vendue par l&#039;exportateur chinois de voitures \u00e9lectriques DUDU NEV (le concessionnaire officiel agr\u00e9\u00e9 de MG). DUDU NEV poss\u00e8de des qualifications d&#039;exportation professionnelles, des qualifications compl\u00e8tes et des proc\u00e9dures d&#039;exportation pratiques et est une unit\u00e9 pilote d&#039;exportation automobile approuv\u00e9e par le minist\u00e8re du Commerce. Les voitures sont en bon \u00e9tat avec un tr\u00e8s faible kilom\u00e9trage d&#039;environ 20 000 \u00e0 80 000 km. Elle n&#039;est pas accident\u00e9e et a [\u2026]<\/p>","protected":false},"featured_media":6754,"comment_status":"open","ping_status":"closed","template":"","meta":{"_acf_changed":false},"product_brand":[],"product_cat":[21,73],"product_tag":[],"class_list":{"0":"post-7427","1":"product","2":"type-product","3":"status-publish","4":"has-post-thumbnail","6":"product_cat-used-car","7":"product_cat-used-mg","9":"first","10":"instock","11":"shipping-taxable","12":"purchasable","13":"product-type-simple"},"acf":[],"_links":{"self":[{"href":"https:\/\/www.cars-in-china.com\/fr\/wp-json\/wp\/v2\/product\/7427","targetHints":{"allow":["GET"]}}],"collection":[{"href":"https:\/\/www.cars-in-china.com\/fr\/wp-json\/wp\/v2\/product"}],"about":[{"href":"https:\/\/www.cars-in-china.com\/fr\/wp-json\/wp\/v2\/types\/product"}],"replies":[{"embeddable":true,"href":"https:\/\/www.cars-in-china.com\/fr\/wp-json\/wp\/v2\/comments?post=7427"}],"wp:featuredmedia":[{"embeddable":true,"href":"https:\/\/www.cars-in-china.com\/fr\/wp-json\/wp\/v2\/media\/6754"}],"wp:attachment":[{"href":"https:\/\/www.cars-in-china.com\/fr\/wp-json\/wp\/v2\/media?parent=7427"}],"wp:term":[{"taxonomy":"product_brand","embeddable":true,"href":"https:\/\/www.cars-in-china.com\/fr\/wp-json\/wp\/v2\/product_brand?post=7427"},{"taxonomy":"product_cat","embeddable":true,"href":"https:\/\/www.cars-in-china.com\/fr\/wp-json\/wp\/v2\/product_cat?post=7427"},{"taxonomy":"product_tag","embeddable":true,"href":"https:\/\/www.cars-in-china.com\/fr\/wp-json\/wp\/v2\/product_tag?post=7427"}],"curies":[{"name":"wp","href":"https:\/\/api.w.org\/{rel}","templated":true}]}}