{"id":7347,"date":"2024-08-05T05:44:15","date_gmt":"2024-08-05T05:44:15","guid":{"rendered":"https:\/\/www.cars-in-china.com\/?post_type=product&#038;p=7347"},"modified":"2024-08-23T07:46:00","modified_gmt":"2024-08-23T07:46:00","slug":"2022-avatr-12","status":"publish","type":"product","link":"https:\/\/www.cars-in-china.com\/fr\/2022-avatr-12\/","title":{"rendered":"AVATR 12 2022"},"content":{"rendered":"<p>2022 AVATR 12 est vendu par l&#039;exportateur de voitures \u00e9lectriques chinois DUDU NEV (revendeur officiel agr\u00e9\u00e9 d&#039;AVATR). DUDU NEV poss\u00e8de des qualifications d&#039;exportation professionnelles, des qualifications compl\u00e8tes et des proc\u00e9dures d&#039;exportation pratiques. Il s&#039;agit d&#039;une unit\u00e9 pilote d&#039;exportation automobile approuv\u00e9e par le minist\u00e8re du Commerce. La voiture est en bon \u00e9tat avec un tr\u00e8s faible kilom\u00e9trage d&#039;environ 10 000 \u00e0 50 000 km. Elle n&#039;est pas accident\u00e9e et dispose d&#039;un rapport d&#039;inspection. Il y a maintenant 100 unit\u00e9s en stock sur la voiture disponibles pour exp\u00e9dition en 3 jours. C&#039;est une vente chaude dans le monde entier.<\/p>","protected":false},"excerpt":{"rendered":"<p>L&#039;AVATR 12 de 2022 est vendue par DUDU NEV, exportateur chinois de v\u00e9hicules \u00e9lectriques et distributeur agr\u00e9\u00e9 d&#039;AVATR. DUDU NEV poss\u00e8de toutes les qualifications requises pour l&#039;exportation et propose des proc\u00e9dures simplifi\u00e9es. C&#039;est une unit\u00e9 pilote d&#039;exportation automobile agr\u00e9\u00e9e par le minist\u00e8re du Commerce. Le v\u00e9hicule est en excellent \u00e9tat et affiche un tr\u00e8s faible kilom\u00e9trage (entre 10\u00a0000 et 50\u00a0000 km). Il n&#039;a jamais \u00e9t\u00e9 accident\u00e9 et dispose de [\u2026]<\/p>","protected":false},"featured_media":6630,"comment_status":"open","ping_status":"closed","template":"","meta":{"_acf_changed":false},"product_brand":[],"product_cat":[21,58],"product_tag":[],"class_list":{"0":"post-7347","1":"product","2":"type-product","3":"status-publish","4":"has-post-thumbnail","6":"product_cat-used-car","7":"product_cat-used-avatr","9":"first","10":"instock","11":"shipping-taxable","12":"purchasable","13":"product-type-simple"},"acf":[],"_links":{"self":[{"href":"https:\/\/www.cars-in-china.com\/fr\/wp-json\/wp\/v2\/product\/7347","targetHints":{"allow":["GET"]}}],"collection":[{"href":"https:\/\/www.cars-in-china.com\/fr\/wp-json\/wp\/v2\/product"}],"about":[{"href":"https:\/\/www.cars-in-china.com\/fr\/wp-json\/wp\/v2\/types\/product"}],"replies":[{"embeddable":true,"href":"https:\/\/www.cars-in-china.com\/fr\/wp-json\/wp\/v2\/comments?post=7347"}],"wp:featuredmedia":[{"embeddable":true,"href":"https:\/\/www.cars-in-china.com\/fr\/wp-json\/wp\/v2\/media\/6630"}],"wp:attachment":[{"href":"https:\/\/www.cars-in-china.com\/fr\/wp-json\/wp\/v2\/media?parent=7347"}],"wp:term":[{"taxonomy":"product_brand","embeddable":true,"href":"https:\/\/www.cars-in-china.com\/fr\/wp-json\/wp\/v2\/product_brand?post=7347"},{"taxonomy":"product_cat","embeddable":true,"href":"https:\/\/www.cars-in-china.com\/fr\/wp-json\/wp\/v2\/product_cat?post=7347"},{"taxonomy":"product_tag","embeddable":true,"href":"https:\/\/www.cars-in-china.com\/fr\/wp-json\/wp\/v2\/product_tag?post=7347"}],"curies":[{"name":"wp","href":"https:\/\/api.w.org\/{rel}","templated":true}]}}