{"id":6841,"date":"2024-07-31T07:18:40","date_gmt":"2024-07-31T07:18:40","guid":{"rendered":"https:\/\/www.cars-in-china.com\/?post_type=product&#038;p=6841"},"modified":"2024-09-10T08:58:27","modified_gmt":"2024-09-10T08:58:27","slug":"2022-avatr-11","status":"publish","type":"product","link":"https:\/\/www.cars-in-china.com\/fr\/2022-avatr-11\/","title":{"rendered":"AVATR 11 2022"},"content":{"rendered":"<p>2022 AVATR 11 est un SUV vendu par l&#039;exportateur chinois de voitures \u00e9lectriques DUDU NEV (revendeur officiel agr\u00e9\u00e9 d&#039;AVATR). La voiture est en bon \u00e9tat avec un tr\u00e8s faible kilom\u00e9trage d&#039;environ 60 000 \u00e0 100 000 km. Elle n&#039;est pas accident\u00e9e et dispose d&#039;un rapport d&#039;inspection. Il y a maintenant 100 unit\u00e9s en stock sur la voiture disponibles pour une exp\u00e9dition dans 3 jours. La voiture est \u00e9quip\u00e9e d&#039;une image panoramique \u00e0 360 degr\u00e9s. Elle est en vente chaude dans le monde entier.<\/p>","protected":false},"excerpt":{"rendered":"<p>L&#039;AVATR 11 de 2022 est un SUV vendu par DUDU NEV, exportateur chinois de v\u00e9hicules \u00e9lectriques (distributeur agr\u00e9\u00e9 AVATR). Les v\u00e9hicules sont en excellent \u00e9tat et affichent un tr\u00e8s faible kilom\u00e9trage (entre 60\u00a0000 et 100\u00a0000 km). Ils n&#039;ont jamais \u00e9t\u00e9 accident\u00e9s et sont accompagn\u00e9s d&#039;un rapport d&#039;inspection. Cent unit\u00e9s sont actuellement en stock et disponibles pour une livraison sous trois jours. Le v\u00e9hicule est \u00e9quip\u00e9 [\u2026]<\/p>","protected":false},"featured_media":2217,"comment_status":"open","ping_status":"closed","template":"","meta":{"_acf_changed":false},"product_brand":[],"product_cat":[58,21],"product_tag":[],"class_list":{"0":"post-6841","1":"product","2":"type-product","3":"status-publish","4":"has-post-thumbnail","6":"product_cat-used-avatr","7":"product_cat-used-car","9":"first","10":"instock","11":"shipping-taxable","12":"purchasable","13":"product-type-simple"},"acf":[],"_links":{"self":[{"href":"https:\/\/www.cars-in-china.com\/fr\/wp-json\/wp\/v2\/product\/6841","targetHints":{"allow":["GET"]}}],"collection":[{"href":"https:\/\/www.cars-in-china.com\/fr\/wp-json\/wp\/v2\/product"}],"about":[{"href":"https:\/\/www.cars-in-china.com\/fr\/wp-json\/wp\/v2\/types\/product"}],"replies":[{"embeddable":true,"href":"https:\/\/www.cars-in-china.com\/fr\/wp-json\/wp\/v2\/comments?post=6841"}],"wp:featuredmedia":[{"embeddable":true,"href":"https:\/\/www.cars-in-china.com\/fr\/wp-json\/wp\/v2\/media\/2217"}],"wp:attachment":[{"href":"https:\/\/www.cars-in-china.com\/fr\/wp-json\/wp\/v2\/media?parent=6841"}],"wp:term":[{"taxonomy":"product_brand","embeddable":true,"href":"https:\/\/www.cars-in-china.com\/fr\/wp-json\/wp\/v2\/product_brand?post=6841"},{"taxonomy":"product_cat","embeddable":true,"href":"https:\/\/www.cars-in-china.com\/fr\/wp-json\/wp\/v2\/product_cat?post=6841"},{"taxonomy":"product_tag","embeddable":true,"href":"https:\/\/www.cars-in-china.com\/fr\/wp-json\/wp\/v2\/product_tag?post=6841"}],"curies":[{"name":"wp","href":"https:\/\/api.w.org\/{rel}","templated":true}]}}