{"id":6569,"date":"2024-07-31T04:20:35","date_gmt":"2024-07-31T04:20:35","guid":{"rendered":"https:\/\/www.cars-in-china.com\/?post_type=product&#038;p=6569"},"modified":"2024-08-13T03:15:43","modified_gmt":"2024-08-13T03:15:43","slug":"2023-buick-gl8","status":"publish","type":"product","link":"https:\/\/www.cars-in-china.com\/fr\/2023-buick-gl8\/","title":{"rendered":"BUICK GL8 2023"},"content":{"rendered":"<p>2023 BUICK E5 e-tron est un SUV vendu par l&#039;exportateur chinois de voitures \u00e9lectriques DUDU NEV (concessionnaire officiel agr\u00e9\u00e9 de BUICK). La voiture est en bon \u00e9tat avec un tr\u00e8s faible kilom\u00e9trage d&#039;environ 10 000 \u00e0 50 000 km. Elle n&#039;est pas accident\u00e9e et dispose d&#039;un rapport d&#039;inspection. Il y a maintenant 100 unit\u00e9s en stock sur la voiture disponibles pour exp\u00e9dition dans 3 jours. C&#039;est une vente chaude dans le monde entier.<\/p>","protected":false},"excerpt":{"rendered":"<p>2023 BUICK E5 e-tron est un SUV vendu par l&#039;exportateur chinois de voitures \u00e9lectriques DUDU NEV (concessionnaire officiel agr\u00e9\u00e9 de BUICK). La voiture est en bon \u00e9tat avec un tr\u00e8s faible kilom\u00e9trage d&#039;environ 10 000 \u00e0 50 000 km. Elle n&#039;est pas accident\u00e9e et dispose d&#039;un rapport d&#039;inspection. Il y a maintenant 100 unit\u00e9s en stock sur la voiture disponibles pour une exp\u00e9dition dans 3 jours. C&#039;est une vente chaude [\u2026]<\/p>","protected":false},"featured_media":6482,"comment_status":"open","ping_status":"closed","template":"","meta":{"_acf_changed":false},"product_brand":[],"product_cat":[21,61],"product_tag":[],"class_list":{"0":"post-6569","1":"product","2":"type-product","3":"status-publish","4":"has-post-thumbnail","6":"product_cat-used-car","7":"product_cat-used-buick","9":"first","10":"instock","11":"shipping-taxable","12":"purchasable","13":"product-type-simple"},"acf":[],"_links":{"self":[{"href":"https:\/\/www.cars-in-china.com\/fr\/wp-json\/wp\/v2\/product\/6569","targetHints":{"allow":["GET"]}}],"collection":[{"href":"https:\/\/www.cars-in-china.com\/fr\/wp-json\/wp\/v2\/product"}],"about":[{"href":"https:\/\/www.cars-in-china.com\/fr\/wp-json\/wp\/v2\/types\/product"}],"replies":[{"embeddable":true,"href":"https:\/\/www.cars-in-china.com\/fr\/wp-json\/wp\/v2\/comments?post=6569"}],"wp:featuredmedia":[{"embeddable":true,"href":"https:\/\/www.cars-in-china.com\/fr\/wp-json\/wp\/v2\/media\/6482"}],"wp:attachment":[{"href":"https:\/\/www.cars-in-china.com\/fr\/wp-json\/wp\/v2\/media?parent=6569"}],"wp:term":[{"taxonomy":"product_brand","embeddable":true,"href":"https:\/\/www.cars-in-china.com\/fr\/wp-json\/wp\/v2\/product_brand?post=6569"},{"taxonomy":"product_cat","embeddable":true,"href":"https:\/\/www.cars-in-china.com\/fr\/wp-json\/wp\/v2\/product_cat?post=6569"},{"taxonomy":"product_tag","embeddable":true,"href":"https:\/\/www.cars-in-china.com\/fr\/wp-json\/wp\/v2\/product_tag?post=6569"}],"curies":[{"name":"wp","href":"https:\/\/api.w.org\/{rel}","templated":true}]}}