{"id":6386,"date":"2024-07-31T03:14:14","date_gmt":"2024-07-31T03:14:14","guid":{"rendered":"https:\/\/www.cars-in-china.com\/?post_type=product&#038;p=6386"},"modified":"2024-08-13T03:48:10","modified_gmt":"2024-08-13T03:48:10","slug":"2022-audi-q5-e-tron","status":"publish","type":"product","link":"https:\/\/www.cars-in-china.com\/fr\/2022-audi-q5-e-tron\/","title":{"rendered":"AUDI Q5 e-tron 2022"},"content":{"rendered":"<p>L&#039;AUDI Q5 e-tron 2022 est un SUV vendu par l&#039;exportateur chinois de voitures \u00e9lectriques DUDU NEV (concessionnaire officiel agr\u00e9\u00e9 d&#039;AUDI). La voiture est en bon \u00e9tat avec un tr\u00e8s faible kilom\u00e9trage d&#039;environ 80 000 \u00e0 200 000 km. Elle n&#039;est pas accident\u00e9e et dispose d&#039;un rapport d&#039;inspection. Il y a maintenant 100 unit\u00e9s en stock sur la voiture disponibles pour une exp\u00e9dition dans 3 jours. La voiture est \u00e9quip\u00e9e d&#039;une image panoramique \u00e0 360 degr\u00e9s. Elle est en vente chaude dans le monde entier.<\/p>","protected":false},"excerpt":{"rendered":"<p>L&#039;AUDI Q5 e-tron 2022 est un SUV vendu par l&#039;exportateur chinois de voitures \u00e9lectriques DUDU NEV (concessionnaire officiel agr\u00e9\u00e9 d&#039;AUDI). La voiture est en bon \u00e9tat avec un tr\u00e8s faible kilom\u00e9trage d&#039;environ 80 000 \u00e0 200 000 km. Elle n&#039;est pas accident\u00e9e et dispose d&#039;un rapport d&#039;inspection. Il y a maintenant 100 unit\u00e9s en stock sur la voiture disponibles pour une exp\u00e9dition en 3 jours. La voiture est \u00e9quip\u00e9e de [\u2026]<\/p>","protected":false},"featured_media":6350,"comment_status":"open","ping_status":"closed","template":"","meta":{"_acf_changed":false},"product_brand":[],"product_cat":[21,57],"product_tag":[],"class_list":{"0":"post-6386","1":"product","2":"type-product","3":"status-publish","4":"has-post-thumbnail","6":"product_cat-used-car","7":"product_cat-used-audi","9":"first","10":"instock","11":"shipping-taxable","12":"purchasable","13":"product-type-simple"},"acf":[],"_links":{"self":[{"href":"https:\/\/www.cars-in-china.com\/fr\/wp-json\/wp\/v2\/product\/6386","targetHints":{"allow":["GET"]}}],"collection":[{"href":"https:\/\/www.cars-in-china.com\/fr\/wp-json\/wp\/v2\/product"}],"about":[{"href":"https:\/\/www.cars-in-china.com\/fr\/wp-json\/wp\/v2\/types\/product"}],"replies":[{"embeddable":true,"href":"https:\/\/www.cars-in-china.com\/fr\/wp-json\/wp\/v2\/comments?post=6386"}],"wp:featuredmedia":[{"embeddable":true,"href":"https:\/\/www.cars-in-china.com\/fr\/wp-json\/wp\/v2\/media\/6350"}],"wp:attachment":[{"href":"https:\/\/www.cars-in-china.com\/fr\/wp-json\/wp\/v2\/media?parent=6386"}],"wp:term":[{"taxonomy":"product_brand","embeddable":true,"href":"https:\/\/www.cars-in-china.com\/fr\/wp-json\/wp\/v2\/product_brand?post=6386"},{"taxonomy":"product_cat","embeddable":true,"href":"https:\/\/www.cars-in-china.com\/fr\/wp-json\/wp\/v2\/product_cat?post=6386"},{"taxonomy":"product_tag","embeddable":true,"href":"https:\/\/www.cars-in-china.com\/fr\/wp-json\/wp\/v2\/product_tag?post=6386"}],"curies":[{"name":"wp","href":"https:\/\/api.w.org\/{rel}","templated":true}]}}