{"id":5611,"date":"2024-07-17T02:56:45","date_gmt":"2024-07-17T02:56:45","guid":{"rendered":"https:\/\/www.cars-in-china.com\/?post_type=product&#038;p=5611"},"modified":"2024-08-13T09:23:18","modified_gmt":"2024-08-13T09:23:18","slug":"2024-volkswagen-tiguan-l","status":"publish","type":"product","link":"https:\/\/www.cars-in-china.com\/fr\/2024-volkswagen-tiguan-l\/","title":{"rendered":"Volkswagen Tiguan L 2024"},"content":{"rendered":"<p>2024 Volkswagen Tiguan L est un SUV vendu par l&#039;exportateur chinois de voitures \u00e9lectriques DUDU NEV (concessionnaire officiel agr\u00e9\u00e9 de Volkswagen). DUDU NEV poss\u00e8de des qualifications d&#039;exportation professionnelles, des qualifications compl\u00e8tes et des proc\u00e9dures d&#039;exportation pratiques et est une unit\u00e9 pilote d&#039;exportation automobile approuv\u00e9e par le minist\u00e8re du Commerce. Il y a maintenant 300 unit\u00e9s en stock sur la voiture disponibles pour exp\u00e9dition en 3 jours et la vitesse de livraison est rapide. La voiture est en vente chaude dans le monde entier.<\/p>","protected":false},"excerpt":{"rendered":"<p>Le Volkswagen Tiguan L 2024 est un SUV vendu par l&#039;exportateur chinois de voitures \u00e9lectriques DUDU NEV (concessionnaire officiel agr\u00e9\u00e9 de Volkswagen). DUDU NEV poss\u00e8de des qualifications d&#039;exportation professionnelles, des qualifications compl\u00e8tes et des proc\u00e9dures d&#039;exportation pratiques et est une unit\u00e9 pilote d&#039;exportation automobile approuv\u00e9e par le minist\u00e8re du Commerce. Il y a maintenant 300 unit\u00e9s en stock concernant la voiture disponible pour l&#039;exp\u00e9dition [\u2026]<\/p>","protected":false},"featured_media":5309,"comment_status":"open","ping_status":"closed","template":"","meta":{"_acf_changed":false},"product_brand":[],"product_cat":[20,29],"product_tag":[],"class_list":{"0":"post-5611","1":"product","2":"type-product","3":"status-publish","4":"has-post-thumbnail","6":"product_cat-new-car","7":"product_cat-volkswagen","9":"first","10":"instock","11":"shipping-taxable","12":"purchasable","13":"product-type-simple"},"acf":[],"_links":{"self":[{"href":"https:\/\/www.cars-in-china.com\/fr\/wp-json\/wp\/v2\/product\/5611","targetHints":{"allow":["GET"]}}],"collection":[{"href":"https:\/\/www.cars-in-china.com\/fr\/wp-json\/wp\/v2\/product"}],"about":[{"href":"https:\/\/www.cars-in-china.com\/fr\/wp-json\/wp\/v2\/types\/product"}],"replies":[{"embeddable":true,"href":"https:\/\/www.cars-in-china.com\/fr\/wp-json\/wp\/v2\/comments?post=5611"}],"wp:featuredmedia":[{"embeddable":true,"href":"https:\/\/www.cars-in-china.com\/fr\/wp-json\/wp\/v2\/media\/5309"}],"wp:attachment":[{"href":"https:\/\/www.cars-in-china.com\/fr\/wp-json\/wp\/v2\/media?parent=5611"}],"wp:term":[{"taxonomy":"product_brand","embeddable":true,"href":"https:\/\/www.cars-in-china.com\/fr\/wp-json\/wp\/v2\/product_brand?post=5611"},{"taxonomy":"product_cat","embeddable":true,"href":"https:\/\/www.cars-in-china.com\/fr\/wp-json\/wp\/v2\/product_cat?post=5611"},{"taxonomy":"product_tag","embeddable":true,"href":"https:\/\/www.cars-in-china.com\/fr\/wp-json\/wp\/v2\/product_tag?post=5611"}],"curies":[{"name":"wp","href":"https:\/\/api.w.org\/{rel}","templated":true}]}}