{"id":5610,"date":"2024-07-16T09:51:32","date_gmt":"2024-07-16T09:51:32","guid":{"rendered":"https:\/\/www.cars-in-china.com\/?post_type=product&#038;p=5610"},"modified":"2024-08-15T08:11:00","modified_gmt":"2024-08-15T08:11:00","slug":"2024-xiaomi-su7","status":"publish","type":"product","link":"https:\/\/www.cars-in-china.com\/fr\/2024-xiaomi-su7\/","title":{"rendered":"XIAOMI SU7 2024"},"content":{"rendered":"<p>2024 XIAOMI SU7 est une berline vendue par l&#039;exportateur chinois de voitures \u00e9lectriques DUDU NEV (le revendeur officiel agr\u00e9\u00e9 de XIAOMI). DUDU NEV poss\u00e8de des qualifications d&#039;exportation professionnelles, des qualifications compl\u00e8tes et des proc\u00e9dures d&#039;exportation pratiques. Il s&#039;agit d&#039;une unit\u00e9 pilote d&#039;exportation automobile approuv\u00e9e par le minist\u00e8re du Commerce. Il y a maintenant 300 unit\u00e9s en stock sur la voiture disponibles pour exp\u00e9dition en 3 jours et la vitesse de livraison est rapide. La voiture est en vente chaude dans le monde entier.<\/p>","protected":false},"excerpt":{"rendered":"<p>2024 XIAOMI SU7 est une berline vendue par l&#039;exportateur chinois de voitures \u00e9lectriques DUDU NEV (le concessionnaire officiel agr\u00e9\u00e9 de XIAOMI). DUDU NEV poss\u00e8de des qualifications d&#039;exportation professionnelles, des qualifications compl\u00e8tes et des proc\u00e9dures d&#039;exportation pratiques. Il s&#039;agit d&#039;une unit\u00e9 pilote d&#039;exportation automobile approuv\u00e9e par le minist\u00e8re du Commerce. Il y a maintenant 300 unit\u00e9s en stock concernant la voiture disponible pour exp\u00e9dition en 3 jours [\u2026]<\/p>","protected":false},"featured_media":5555,"comment_status":"open","ping_status":"closed","template":"","meta":{"_acf_changed":false},"product_brand":[],"product_cat":[20,54],"product_tag":[],"class_list":{"0":"post-5610","1":"product","2":"type-product","3":"status-publish","4":"has-post-thumbnail","6":"product_cat-new-car","7":"product_cat-xiaomi","9":"first","10":"instock","11":"shipping-taxable","12":"purchasable","13":"product-type-simple"},"acf":[],"_links":{"self":[{"href":"https:\/\/www.cars-in-china.com\/fr\/wp-json\/wp\/v2\/product\/5610","targetHints":{"allow":["GET"]}}],"collection":[{"href":"https:\/\/www.cars-in-china.com\/fr\/wp-json\/wp\/v2\/product"}],"about":[{"href":"https:\/\/www.cars-in-china.com\/fr\/wp-json\/wp\/v2\/types\/product"}],"replies":[{"embeddable":true,"href":"https:\/\/www.cars-in-china.com\/fr\/wp-json\/wp\/v2\/comments?post=5610"}],"wp:featuredmedia":[{"embeddable":true,"href":"https:\/\/www.cars-in-china.com\/fr\/wp-json\/wp\/v2\/media\/5555"}],"wp:attachment":[{"href":"https:\/\/www.cars-in-china.com\/fr\/wp-json\/wp\/v2\/media?parent=5610"}],"wp:term":[{"taxonomy":"product_brand","embeddable":true,"href":"https:\/\/www.cars-in-china.com\/fr\/wp-json\/wp\/v2\/product_brand?post=5610"},{"taxonomy":"product_cat","embeddable":true,"href":"https:\/\/www.cars-in-china.com\/fr\/wp-json\/wp\/v2\/product_cat?post=5610"},{"taxonomy":"product_tag","embeddable":true,"href":"https:\/\/www.cars-in-china.com\/fr\/wp-json\/wp\/v2\/product_tag?post=5610"}],"curies":[{"name":"wp","href":"https:\/\/api.w.org\/{rel}","templated":true}]}}