{"id":4773,"date":"2024-07-08T01:50:34","date_gmt":"2024-07-08T01:50:34","guid":{"rendered":"https:\/\/www.cars-in-china.com\/?post_type=product&#038;p=4773"},"modified":"2024-09-10T07:36:27","modified_gmt":"2024-09-10T07:36:27","slug":"2024-kia-ev5","status":"publish","type":"product","link":"https:\/\/www.cars-in-china.com\/fr\/2024-kia-ev5\/","title":{"rendered":"Kia EV5 2024"},"content":{"rendered":"<p>2024 Kia EV5 est un SVU vendu par l&#039;exportateur chinois de voitures \u00e9lectriques DUDU NEV (revendeur officiel agr\u00e9\u00e9 de KIA). DUDU NEV poss\u00e8de des qualifications d&#039;exportation professionnelles, des qualifications compl\u00e8tes et des proc\u00e9dures d&#039;exportation pratiques et est une unit\u00e9 pilote d&#039;exportation automobile approuv\u00e9e par le minist\u00e8re du Commerce. Il y a maintenant 300 unit\u00e9s en stock sur la voiture disponibles pour exp\u00e9dition en 3 jours et la vitesse de livraison est rapide. La voiture est en vente chaude dans le monde entier.<\/p>","protected":false},"excerpt":{"rendered":"<p>La Kia EV5 2024 est une SVU vendue par l&#039;exportateur chinois de voitures \u00e9lectriques DUDU NEV (le concessionnaire officiel agr\u00e9\u00e9 de KIA). DUDU NEV poss\u00e8de des qualifications d&#039;exportation professionnelles, des qualifications compl\u00e8tes et des proc\u00e9dures d&#039;exportation pratiques et est une unit\u00e9 pilote d&#039;exportation automobile approuv\u00e9e par le minist\u00e8re du Commerce. Il y a maintenant 300 unit\u00e9s en stock concernant la voiture disponible pour exp\u00e9dition en 3 jours et le [\u2026]<\/p>","protected":false},"featured_media":4283,"comment_status":"open","ping_status":"closed","template":"","meta":{"_acf_changed":false},"product_brand":[],"product_cat":[20,25],"product_tag":[],"class_list":{"0":"post-4773","1":"product","2":"type-product","3":"status-publish","4":"has-post-thumbnail","6":"product_cat-new-car","7":"product_cat-kn","9":"first","10":"instock","11":"shipping-taxable","12":"purchasable","13":"product-type-simple"},"acf":[],"_links":{"self":[{"href":"https:\/\/www.cars-in-china.com\/fr\/wp-json\/wp\/v2\/product\/4773","targetHints":{"allow":["GET"]}}],"collection":[{"href":"https:\/\/www.cars-in-china.com\/fr\/wp-json\/wp\/v2\/product"}],"about":[{"href":"https:\/\/www.cars-in-china.com\/fr\/wp-json\/wp\/v2\/types\/product"}],"replies":[{"embeddable":true,"href":"https:\/\/www.cars-in-china.com\/fr\/wp-json\/wp\/v2\/comments?post=4773"}],"wp:featuredmedia":[{"embeddable":true,"href":"https:\/\/www.cars-in-china.com\/fr\/wp-json\/wp\/v2\/media\/4283"}],"wp:attachment":[{"href":"https:\/\/www.cars-in-china.com\/fr\/wp-json\/wp\/v2\/media?parent=4773"}],"wp:term":[{"taxonomy":"product_brand","embeddable":true,"href":"https:\/\/www.cars-in-china.com\/fr\/wp-json\/wp\/v2\/product_brand?post=4773"},{"taxonomy":"product_cat","embeddable":true,"href":"https:\/\/www.cars-in-china.com\/fr\/wp-json\/wp\/v2\/product_cat?post=4773"},{"taxonomy":"product_tag","embeddable":true,"href":"https:\/\/www.cars-in-china.com\/fr\/wp-json\/wp\/v2\/product_tag?post=4773"}],"curies":[{"name":"wp","href":"https:\/\/api.w.org\/{rel}","templated":true}]}}