{"id":3607,"date":"2024-06-25T09:16:42","date_gmt":"2024-06-25T09:16:42","guid":{"rendered":"https:\/\/www.cars-in-china.com\/?post_type=product&#038;p=3607"},"modified":"2024-09-04T14:30:05","modified_gmt":"2024-09-04T14:30:05","slug":"2024-bmw-i3","status":"publish","type":"product","link":"https:\/\/www.cars-in-china.com\/fr\/2024-bmw-i3\/","title":{"rendered":"BMW I3 2024"},"content":{"rendered":"<p>La BMW I3 2024 est vendue par l&#039;exportateur chinois de voitures \u00e9lectriques DUDU NEV (le concessionnaire officiel agr\u00e9\u00e9 de BMW). DUDU NEV dispose de qualifications d&#039;exportation professionnelles, de qualifications compl\u00e8tes et de proc\u00e9dures d&#039;exportation pratiques et est une unit\u00e9 pilote d&#039;exportation automobile approuv\u00e9e par le minist\u00e8re du Commerce. Il y a maintenant 300 unit\u00e9s en stock concernant la voiture disponibles pour une exp\u00e9dition en 3 jours et la vitesse de livraison est rapide. La voiture est en vente dans le monde entier.<\/p>","protected":false},"excerpt":{"rendered":"<p>La BMW I3 2024 est commercialis\u00e9e par DUDU NEV, exportateur chinois de v\u00e9hicules \u00e9lectriques (concessionnaire officiel BMW). DUDU NEV, qui b\u00e9n\u00e9ficie de qualifications professionnelles et compl\u00e8tes en mati\u00e8re d&#039;exportation, propose des proc\u00e9dures d&#039;exportation simplifi\u00e9es et est une unit\u00e9 pilote d&#039;exportation automobile agr\u00e9\u00e9e par le minist\u00e8re du Commerce. 300 exemplaires sont actuellement en stock et peuvent \u00eatre exp\u00e9di\u00e9s sous 3 jours. [\u2026]<\/p>","protected":false},"featured_media":3511,"comment_status":"open","ping_status":"closed","template":"","meta":{"_acf_changed":false},"product_brand":[],"product_cat":[20,34],"product_tag":[],"class_list":{"0":"post-3607","1":"product","2":"type-product","3":"status-publish","4":"has-post-thumbnail","6":"product_cat-new-car","7":"product_cat-bmw","9":"first","10":"instock","11":"shipping-taxable","12":"purchasable","13":"product-type-simple"},"acf":[],"_links":{"self":[{"href":"https:\/\/www.cars-in-china.com\/fr\/wp-json\/wp\/v2\/product\/3607","targetHints":{"allow":["GET"]}}],"collection":[{"href":"https:\/\/www.cars-in-china.com\/fr\/wp-json\/wp\/v2\/product"}],"about":[{"href":"https:\/\/www.cars-in-china.com\/fr\/wp-json\/wp\/v2\/types\/product"}],"replies":[{"embeddable":true,"href":"https:\/\/www.cars-in-china.com\/fr\/wp-json\/wp\/v2\/comments?post=3607"}],"wp:featuredmedia":[{"embeddable":true,"href":"https:\/\/www.cars-in-china.com\/fr\/wp-json\/wp\/v2\/media\/3511"}],"wp:attachment":[{"href":"https:\/\/www.cars-in-china.com\/fr\/wp-json\/wp\/v2\/media?parent=3607"}],"wp:term":[{"taxonomy":"product_brand","embeddable":true,"href":"https:\/\/www.cars-in-china.com\/fr\/wp-json\/wp\/v2\/product_brand?post=3607"},{"taxonomy":"product_cat","embeddable":true,"href":"https:\/\/www.cars-in-china.com\/fr\/wp-json\/wp\/v2\/product_cat?post=3607"},{"taxonomy":"product_tag","embeddable":true,"href":"https:\/\/www.cars-in-china.com\/fr\/wp-json\/wp\/v2\/product_tag?post=3607"}],"curies":[{"name":"wp","href":"https:\/\/api.w.org\/{rel}","templated":true}]}}