{"id":3436,"date":"2024-06-24T09:42:46","date_gmt":"2024-06-24T09:42:46","guid":{"rendered":"https:\/\/www.cars-in-china.com\/?post_type=product&#038;p=3436"},"modified":"2024-09-05T08:27:45","modified_gmt":"2024-09-05T08:27:45","slug":"2024-aito-m7","status":"publish","type":"product","link":"https:\/\/www.cars-in-china.com\/fr\/2024-aito-m7\/","title":{"rendered":"AITO M7 2024"},"content":{"rendered":"<p>2024 AITO M7 est un SUV vendu par le concessionnaire chinois de voitures \u00e9lectriques DUDU NEV (le concessionnaire officiel agr\u00e9\u00e9 d&#039;AITO). DUDU NEV poss\u00e8de des qualifications d&#039;exportation professionnelles, des qualifications compl\u00e8tes et des proc\u00e9dures d&#039;exportation pratiques. Il s&#039;agit d&#039;une unit\u00e9 pilote d&#039;exportation automobile approuv\u00e9e par le minist\u00e8re du Commerce. Il y a maintenant 200 unit\u00e9s en stock sur la voiture disponibles pour une exp\u00e9dition en 3 jours et la vitesse de livraison est rapide. La voiture est en vente dans le monde entier.<\/p>\n<p>&nbsp;<\/p>","protected":false},"excerpt":{"rendered":"<p>L&#039;AITO M7 2024 est un SUV commercialis\u00e9 par DUDU NEV, concessionnaire chinois de v\u00e9hicules \u00e9lectriques (concessionnaire officiel agr\u00e9\u00e9 d&#039;AITO). DUDU NEV b\u00e9n\u00e9ficie de qualifications professionnelles et compl\u00e8tes en mati\u00e8re d&#039;exportation, et de proc\u00e9dures d&#039;exportation simplifi\u00e9es. Il s&#039;agit d&#039;une unit\u00e9 pilote d&#039;exportation automobile agr\u00e9\u00e9e par le minist\u00e8re du Commerce. Environ 200 exemplaires sont actuellement en stock et peuvent \u00eatre exp\u00e9di\u00e9s en [\u2026]<\/p>","protected":false},"featured_media":3172,"comment_status":"open","ping_status":"closed","template":"","meta":{"_acf_changed":false},"product_brand":[],"product_cat":[20,51],"product_tag":[],"class_list":{"0":"post-3436","1":"product","2":"type-product","3":"status-publish","4":"has-post-thumbnail","6":"product_cat-new-car","7":"product_cat-aito","9":"first","10":"instock","11":"shipping-taxable","12":"purchasable","13":"product-type-simple"},"acf":[],"_links":{"self":[{"href":"https:\/\/www.cars-in-china.com\/fr\/wp-json\/wp\/v2\/product\/3436","targetHints":{"allow":["GET"]}}],"collection":[{"href":"https:\/\/www.cars-in-china.com\/fr\/wp-json\/wp\/v2\/product"}],"about":[{"href":"https:\/\/www.cars-in-china.com\/fr\/wp-json\/wp\/v2\/types\/product"}],"replies":[{"embeddable":true,"href":"https:\/\/www.cars-in-china.com\/fr\/wp-json\/wp\/v2\/comments?post=3436"}],"wp:featuredmedia":[{"embeddable":true,"href":"https:\/\/www.cars-in-china.com\/fr\/wp-json\/wp\/v2\/media\/3172"}],"wp:attachment":[{"href":"https:\/\/www.cars-in-china.com\/fr\/wp-json\/wp\/v2\/media?parent=3436"}],"wp:term":[{"taxonomy":"product_brand","embeddable":true,"href":"https:\/\/www.cars-in-china.com\/fr\/wp-json\/wp\/v2\/product_brand?post=3436"},{"taxonomy":"product_cat","embeddable":true,"href":"https:\/\/www.cars-in-china.com\/fr\/wp-json\/wp\/v2\/product_cat?post=3436"},{"taxonomy":"product_tag","embeddable":true,"href":"https:\/\/www.cars-in-china.com\/fr\/wp-json\/wp\/v2\/product_tag?post=3436"}],"curies":[{"name":"wp","href":"https:\/\/api.w.org\/{rel}","templated":true}]}}