{"id":3252,"date":"2024-06-21T08:27:11","date_gmt":"2024-06-21T08:27:11","guid":{"rendered":"https:\/\/www.cars-in-china.com\/?post_type=product&#038;p=3252"},"modified":"2024-08-14T05:49:40","modified_gmt":"2024-08-14T05:49:40","slug":"2023-aion-y","status":"publish","type":"product","link":"https:\/\/www.cars-in-china.com\/fr\/2023-aion-y\/","title":{"rendered":"2023 AION Y"},"content":{"rendered":"<p>2023 AION Y est un SUV vendu par le concessionnaire chinois de voitures \u00e9lectriques DUDU NEV (le concessionnaire officiel agr\u00e9\u00e9 d&#039;AION). DUDU NEV dispose de qualifications d&#039;exportation professionnelles, de qualifications compl\u00e8tes et de proc\u00e9dures d&#039;exportation pratiques et est une unit\u00e9 pilote d&#039;exportation d&#039;automobiles approuv\u00e9e par le minist\u00e8re du Commerce. Il y a maintenant 300 unit\u00e9s en stock sur la voiture disponibles pour une exp\u00e9dition en 3 jours et la vitesse de livraison est rapide. La voiture est en vente dans le monde entier.<\/p>\n<p>&nbsp;<\/p>","protected":false},"excerpt":{"rendered":"<p>L&#039;AION Y 2023 est un SUV commercialis\u00e9 par DUDU NEV, concessionnaire chinois de v\u00e9hicules \u00e9lectriques (revendeur agr\u00e9\u00e9 d&#039;AION). DUDU NEV b\u00e9n\u00e9ficie de qualifications professionnelles et compl\u00e8tes en mati\u00e8re d&#039;exportation, et de proc\u00e9dures d&#039;exportation simplifi\u00e9es. Il s&#039;agit d&#039;une unit\u00e9 pilote d&#039;exportation automobile agr\u00e9\u00e9e par le minist\u00e8re du Commerce. Il y a actuellement 300 exemplaires en stock, disponibles pour exp\u00e9dition en [\u2026]<\/p>","protected":false},"featured_media":3092,"comment_status":"open","ping_status":"closed","template":"","meta":{"_acf_changed":false},"product_brand":[],"product_cat":[20,36],"product_tag":[],"class_list":{"0":"post-3252","1":"product","2":"type-product","3":"status-publish","4":"has-post-thumbnail","6":"product_cat-new-car","7":"product_cat-aion","9":"first","10":"instock","11":"shipping-taxable","12":"purchasable","13":"product-type-simple"},"acf":[],"_links":{"self":[{"href":"https:\/\/www.cars-in-china.com\/fr\/wp-json\/wp\/v2\/product\/3252","targetHints":{"allow":["GET"]}}],"collection":[{"href":"https:\/\/www.cars-in-china.com\/fr\/wp-json\/wp\/v2\/product"}],"about":[{"href":"https:\/\/www.cars-in-china.com\/fr\/wp-json\/wp\/v2\/types\/product"}],"replies":[{"embeddable":true,"href":"https:\/\/www.cars-in-china.com\/fr\/wp-json\/wp\/v2\/comments?post=3252"}],"wp:featuredmedia":[{"embeddable":true,"href":"https:\/\/www.cars-in-china.com\/fr\/wp-json\/wp\/v2\/media\/3092"}],"wp:attachment":[{"href":"https:\/\/www.cars-in-china.com\/fr\/wp-json\/wp\/v2\/media?parent=3252"}],"wp:term":[{"taxonomy":"product_brand","embeddable":true,"href":"https:\/\/www.cars-in-china.com\/fr\/wp-json\/wp\/v2\/product_brand?post=3252"},{"taxonomy":"product_cat","embeddable":true,"href":"https:\/\/www.cars-in-china.com\/fr\/wp-json\/wp\/v2\/product_cat?post=3252"},{"taxonomy":"product_tag","embeddable":true,"href":"https:\/\/www.cars-in-china.com\/fr\/wp-json\/wp\/v2\/product_tag?post=3252"}],"curies":[{"name":"wp","href":"https:\/\/api.w.org\/{rel}","templated":true}]}}