{"id":2877,"date":"2024-06-18T08:32:41","date_gmt":"2024-06-18T08:32:41","guid":{"rendered":"https:\/\/www.cars-in-china.com\/?post_type=product&#038;p=2877"},"modified":"2024-08-14T05:53:04","modified_gmt":"2024-08-14T05:53:04","slug":"2021-id-6-pure","status":"publish","type":"product","link":"https:\/\/www.cars-in-china.com\/fr\/2021-id-6-pure\/","title":{"rendered":"ID.6 PURE+ 2021\u00a0"},"content":{"rendered":"<p>2021 ID.6 PURE+ est un SUV vendu par le concessionnaire automobile \u00e9lectrique chinois DUDU NEV (le concessionnaire officiel agr\u00e9\u00e9 de Volkswagen). La voiture est en bon \u00e9tat avec un tr\u00e8s faible kilom\u00e9trage d&#039;environ 10 000 \u00e0 50 000 km. Elle n&#039;a pas \u00e9t\u00e9 accident\u00e9e et dispose d&#039;un rapport d&#039;inspection. Il y a maintenant 400 unit\u00e9s en stock sur la voiture disponibles pour une exp\u00e9dition dans 3 jours. La voiture est \u00e9quip\u00e9e d&#039;images panoramiques \u00e0 360 degr\u00e9s. C&#039;est une vente chaude dans le monde entier.<\/p>","protected":false},"excerpt":{"rendered":"<p>L&#039;ID.6 PURE+ 2021 est un SUV commercialis\u00e9 par DUDU NEV, le sp\u00e9cialiste chinois des v\u00e9hicules \u00e9lectriques (concessionnaire Volkswagen). Ce v\u00e9hicule est en bon \u00e9tat et affiche un tr\u00e8s faible kilom\u00e9trage, entre 10\u00a0000 et 50\u00a0000 km. Non accident\u00e9, il dispose d&#039;un rapport d&#039;inspection. 400 exemplaires sont actuellement en stock et peuvent \u00eatre exp\u00e9di\u00e9s sous 3 jours. Le v\u00e9hicule est \u00e9quip\u00e9 d&#039;une cam\u00e9ra de recul 360 [\u2026]<\/p>","protected":false},"featured_media":2711,"comment_status":"open","ping_status":"closed","template":"","meta":{"_acf_changed":false},"product_brand":[],"product_cat":[21,44],"product_tag":[],"class_list":{"0":"post-2877","1":"product","2":"type-product","3":"status-publish","4":"has-post-thumbnail","6":"product_cat-used-car","7":"product_cat-used-volkswagen","9":"first","10":"instock","11":"shipping-taxable","12":"purchasable","13":"product-type-simple"},"acf":[],"_links":{"self":[{"href":"https:\/\/www.cars-in-china.com\/fr\/wp-json\/wp\/v2\/product\/2877","targetHints":{"allow":["GET"]}}],"collection":[{"href":"https:\/\/www.cars-in-china.com\/fr\/wp-json\/wp\/v2\/product"}],"about":[{"href":"https:\/\/www.cars-in-china.com\/fr\/wp-json\/wp\/v2\/types\/product"}],"replies":[{"embeddable":true,"href":"https:\/\/www.cars-in-china.com\/fr\/wp-json\/wp\/v2\/comments?post=2877"}],"wp:featuredmedia":[{"embeddable":true,"href":"https:\/\/www.cars-in-china.com\/fr\/wp-json\/wp\/v2\/media\/2711"}],"wp:attachment":[{"href":"https:\/\/www.cars-in-china.com\/fr\/wp-json\/wp\/v2\/media?parent=2877"}],"wp:term":[{"taxonomy":"product_brand","embeddable":true,"href":"https:\/\/www.cars-in-china.com\/fr\/wp-json\/wp\/v2\/product_brand?post=2877"},{"taxonomy":"product_cat","embeddable":true,"href":"https:\/\/www.cars-in-china.com\/fr\/wp-json\/wp\/v2\/product_cat?post=2877"},{"taxonomy":"product_tag","embeddable":true,"href":"https:\/\/www.cars-in-china.com\/fr\/wp-json\/wp\/v2\/product_tag?post=2877"}],"curies":[{"name":"wp","href":"https:\/\/api.w.org\/{rel}","templated":true}]}}