{"id":2873,"date":"2024-06-18T07:20:26","date_gmt":"2024-06-18T07:20:26","guid":{"rendered":"https:\/\/www.cars-in-china.com\/?post_type=product&#038;p=2873"},"modified":"2024-08-09T05:44:46","modified_gmt":"2024-08-09T05:44:46","slug":"2023-id-4x-pro","status":"publish","type":"product","link":"https:\/\/www.cars-in-china.com\/fr\/2023-id-4x-pro\/","title":{"rendered":"ID.4X PRO 2023"},"content":{"rendered":"<p>2023 ID.4 X PRO est un SUV vendu par l&#039;exportateur chinois de voitures \u00e9lectriques DUDU NEV (le concessionnaire officiel agr\u00e9\u00e9 de Volkswagen). La voiture est en bon \u00e9tat avec un tr\u00e8s faible kilom\u00e9trage d&#039;environ 10 000 \u00e0 60 000 km. Elle n&#039;a pas \u00e9t\u00e9 accident\u00e9e et dispose d&#039;un rapport d&#039;inspection. Il y a maintenant 4X00 unit\u00e9s en stock sur la voiture disponibles pour une exp\u00e9dition dans 3 jours. La voiture est \u00e9quip\u00e9e d&#039;un toit ouvrant ouvrable. Elle est en vente \u00e0 chaud dans le monde entier.<\/p>","protected":false},"excerpt":{"rendered":"<p>L&#039;ID.4 X PRO 2023 est un SUV vendu par DUDU NEV, exportateur chinois de v\u00e9hicules \u00e9lectriques et distributeur agr\u00e9\u00e9 Volkswagen. Ces v\u00e9hicules sont en excellent \u00e9tat et affichent un tr\u00e8s faible kilom\u00e9trage (entre 10\u00a0000 et 60\u00a0000 km). Ils n&#039;ont jamais \u00e9t\u00e9 accident\u00e9s et sont accompagn\u00e9s d&#039;un rapport d&#039;inspection. Actuellement, 4\u00a0X00 unit\u00e9s sont en stock et disponibles pour une livraison sous 3 jours. Le v\u00e9hicule est \u00e9quip\u00e9 de [\u2026]<\/p>","protected":false},"featured_media":2656,"comment_status":"open","ping_status":"closed","template":"","meta":{"_acf_changed":false},"product_brand":[],"product_cat":[21,44],"product_tag":[],"class_list":{"0":"post-2873","1":"product","2":"type-product","3":"status-publish","4":"has-post-thumbnail","6":"product_cat-used-car","7":"product_cat-used-volkswagen","9":"first","10":"instock","11":"shipping-taxable","12":"purchasable","13":"product-type-simple"},"acf":[],"_links":{"self":[{"href":"https:\/\/www.cars-in-china.com\/fr\/wp-json\/wp\/v2\/product\/2873","targetHints":{"allow":["GET"]}}],"collection":[{"href":"https:\/\/www.cars-in-china.com\/fr\/wp-json\/wp\/v2\/product"}],"about":[{"href":"https:\/\/www.cars-in-china.com\/fr\/wp-json\/wp\/v2\/types\/product"}],"replies":[{"embeddable":true,"href":"https:\/\/www.cars-in-china.com\/fr\/wp-json\/wp\/v2\/comments?post=2873"}],"wp:featuredmedia":[{"embeddable":true,"href":"https:\/\/www.cars-in-china.com\/fr\/wp-json\/wp\/v2\/media\/2656"}],"wp:attachment":[{"href":"https:\/\/www.cars-in-china.com\/fr\/wp-json\/wp\/v2\/media?parent=2873"}],"wp:term":[{"taxonomy":"product_brand","embeddable":true,"href":"https:\/\/www.cars-in-china.com\/fr\/wp-json\/wp\/v2\/product_brand?post=2873"},{"taxonomy":"product_cat","embeddable":true,"href":"https:\/\/www.cars-in-china.com\/fr\/wp-json\/wp\/v2\/product_cat?post=2873"},{"taxonomy":"product_tag","embeddable":true,"href":"https:\/\/www.cars-in-china.com\/fr\/wp-json\/wp\/v2\/product_tag?post=2873"}],"curies":[{"name":"wp","href":"https:\/\/api.w.org\/{rel}","templated":true}]}}