{"id":2310,"date":"2024-06-13T08:02:12","date_gmt":"2024-06-13T08:02:12","guid":{"rendered":"https:\/\/www.cars-in-china.com\/?post_type=product&#038;p=2310"},"modified":"2024-09-10T09:55:19","modified_gmt":"2024-09-10T09:55:19","slug":"2021-chevrolet-monza","status":"publish","type":"product","link":"https:\/\/www.cars-in-china.com\/fr\/2021-chevrolet-monza\/","title":{"rendered":"Chevrolet Monza 2021"},"content":{"rendered":"<p>2021 CHEVROLET Monza est une berline vendue par l&#039;exportateur chinois de voitures \u00e9lectriques DUDU NEV (le concessionnaire officiel agr\u00e9\u00e9 de CHEVROLET). La voiture est en bon \u00e9tat avec un tr\u00e8s faible kilom\u00e9trage d&#039;environ 20 000 \u00e0 80 000 km. Elle n&#039;a pas \u00e9t\u00e9 accident\u00e9e et dispose d&#039;un rapport d&#039;inspection. Il y a maintenant 300 unit\u00e9s en stock sur la voiture disponibles pour une exp\u00e9dition dans 3 jours. La voiture est \u00e9quip\u00e9e d&#039;un toit ouvrant \u00e9lectrique. C&#039;est une vente chaude dans le monde entier.<\/p>","protected":false},"excerpt":{"rendered":"<p>La Chevrolet Monza 2021 est une berline commercialis\u00e9e par DUDU NEV, exportateur chinois de voitures \u00e9lectriques (concessionnaire officiel Chevrolet). Elle est en bon \u00e9tat et affiche un tr\u00e8s faible kilom\u00e9trage, entre 20\u00a0000 et 80\u00a0000 km. Non accident\u00e9e, elle dispose d&#039;un rapport d&#039;inspection. 300 exemplaires sont actuellement en stock et peuvent \u00eatre exp\u00e9di\u00e9s sous 3 jours. Elle est \u00e9quip\u00e9e de [\u2026]<\/p>","protected":false},"featured_media":2303,"comment_status":"open","ping_status":"closed","template":"","meta":{"_acf_changed":false},"product_brand":[],"product_cat":[21,64],"product_tag":[],"class_list":{"0":"post-2310","1":"product","2":"type-product","3":"status-publish","4":"has-post-thumbnail","6":"product_cat-used-car","7":"product_cat-used-chevrolet","9":"first","10":"instock","11":"shipping-taxable","12":"purchasable","13":"product-type-simple"},"acf":[],"_links":{"self":[{"href":"https:\/\/www.cars-in-china.com\/fr\/wp-json\/wp\/v2\/product\/2310","targetHints":{"allow":["GET"]}}],"collection":[{"href":"https:\/\/www.cars-in-china.com\/fr\/wp-json\/wp\/v2\/product"}],"about":[{"href":"https:\/\/www.cars-in-china.com\/fr\/wp-json\/wp\/v2\/types\/product"}],"replies":[{"embeddable":true,"href":"https:\/\/www.cars-in-china.com\/fr\/wp-json\/wp\/v2\/comments?post=2310"}],"wp:featuredmedia":[{"embeddable":true,"href":"https:\/\/www.cars-in-china.com\/fr\/wp-json\/wp\/v2\/media\/2303"}],"wp:attachment":[{"href":"https:\/\/www.cars-in-china.com\/fr\/wp-json\/wp\/v2\/media?parent=2310"}],"wp:term":[{"taxonomy":"product_brand","embeddable":true,"href":"https:\/\/www.cars-in-china.com\/fr\/wp-json\/wp\/v2\/product_brand?post=2310"},{"taxonomy":"product_cat","embeddable":true,"href":"https:\/\/www.cars-in-china.com\/fr\/wp-json\/wp\/v2\/product_cat?post=2310"},{"taxonomy":"product_tag","embeddable":true,"href":"https:\/\/www.cars-in-china.com\/fr\/wp-json\/wp\/v2\/product_tag?post=2310"}],"curies":[{"name":"wp","href":"https:\/\/api.w.org\/{rel}","templated":true}]}}