{"id":2117,"date":"2024-06-12T09:20:05","date_gmt":"2024-06-12T09:20:05","guid":{"rendered":"https:\/\/www.cars-in-china.com\/?post_type=product&#038;p=2117"},"modified":"2024-09-10T09:10:40","modified_gmt":"2024-09-10T09:10:40","slug":"2023-baic-eu5-plus","status":"publish","type":"product","link":"https:\/\/www.cars-in-china.com\/fr\/2023-baic-eu5-plus\/","title":{"rendered":"Baic EU5 Plus 2023"},"content":{"rendered":"<p>2023 BAIC EU5 PLUS est une berline vendue par l&#039;exportateur chinois de voitures \u00e9lectriques DUDU NEV (revendeur officiel agr\u00e9\u00e9 de BAIC). La voiture est en bon \u00e9tat avec un tr\u00e8s faible kilom\u00e9trage d&#039;environ 80 000 \u00e0 200 000 km. Elle n&#039;est pas accident\u00e9e et dispose d&#039;un rapport d&#039;inspection. La voiture est \u00e9quip\u00e9e d&#039;une image panoramique \u00e0 360 degr\u00e9s. Il y a maintenant 100 unit\u00e9s en stock sur la voiture disponibles pour une exp\u00e9dition en 3 jours. C&#039;est une vente chaude dans le monde entier.<\/p>","protected":false},"excerpt":{"rendered":"<p>La BAIC EU5 PLUS 2023 est une berline vendue par DUDU NEV, exportateur chinois de v\u00e9hicules \u00e9lectriques et distributeur agr\u00e9\u00e9 de BAIC. Ces voitures sont en excellent \u00e9tat et affichent un tr\u00e8s faible kilom\u00e9trage (entre 80\u00a0000 et 200\u00a0000 km). Elles n&#039;ont jamais \u00e9t\u00e9 accident\u00e9es et sont accompagn\u00e9es d&#039;un rapport d&#039;inspection. Elles sont \u00e9quip\u00e9es d&#039;une cam\u00e9ra panoramique \u00e0 360\u00b0. Cent unit\u00e9s sont actuellement en stock et pr\u00eates \u00e0 \u00eatre exp\u00e9di\u00e9es.<\/p>","protected":false},"featured_media":2090,"comment_status":"open","ping_status":"closed","template":"","meta":{"_acf_changed":false},"product_brand":[],"product_cat":[21,59],"product_tag":[],"class_list":{"0":"post-2117","1":"product","2":"type-product","3":"status-publish","4":"has-post-thumbnail","6":"product_cat-used-car","7":"product_cat-used-baic","9":"first","10":"instock","11":"shipping-taxable","12":"purchasable","13":"product-type-simple"},"acf":[],"_links":{"self":[{"href":"https:\/\/www.cars-in-china.com\/fr\/wp-json\/wp\/v2\/product\/2117","targetHints":{"allow":["GET"]}}],"collection":[{"href":"https:\/\/www.cars-in-china.com\/fr\/wp-json\/wp\/v2\/product"}],"about":[{"href":"https:\/\/www.cars-in-china.com\/fr\/wp-json\/wp\/v2\/types\/product"}],"replies":[{"embeddable":true,"href":"https:\/\/www.cars-in-china.com\/fr\/wp-json\/wp\/v2\/comments?post=2117"}],"wp:featuredmedia":[{"embeddable":true,"href":"https:\/\/www.cars-in-china.com\/fr\/wp-json\/wp\/v2\/media\/2090"}],"wp:attachment":[{"href":"https:\/\/www.cars-in-china.com\/fr\/wp-json\/wp\/v2\/media?parent=2117"}],"wp:term":[{"taxonomy":"product_brand","embeddable":true,"href":"https:\/\/www.cars-in-china.com\/fr\/wp-json\/wp\/v2\/product_brand?post=2117"},{"taxonomy":"product_cat","embeddable":true,"href":"https:\/\/www.cars-in-china.com\/fr\/wp-json\/wp\/v2\/product_cat?post=2117"},{"taxonomy":"product_tag","embeddable":true,"href":"https:\/\/www.cars-in-china.com\/fr\/wp-json\/wp\/v2\/product_tag?post=2117"}],"curies":[{"name":"wp","href":"https:\/\/api.w.org\/{rel}","templated":true}]}}