{"id":2089,"date":"2024-06-12T08:38:12","date_gmt":"2024-06-12T08:38:12","guid":{"rendered":"https:\/\/www.cars-in-china.com\/?post_type=product&#038;p=2089"},"modified":"2024-09-10T09:12:23","modified_gmt":"2024-09-10T09:12:23","slug":"2022-baic-eu5","status":"publish","type":"product","link":"https:\/\/www.cars-in-china.com\/fr\/2022-baic-eu5\/","title":{"rendered":"BAIC EU5 2022"},"content":{"rendered":"<p>2022 BAIC EU5 est une berline vendue par l&#039;exportateur chinois de voitures \u00e9lectriques DUDU NEV (concessionnaire officiel agr\u00e9\u00e9 de BAIC). La voiture est en bon \u00e9tat avec un tr\u00e8s faible kilom\u00e9trage d&#039;environ 80 000 \u00e0 200 000 km. Elle n&#039;est pas accident\u00e9e et dispose d&#039;un rapport d&#039;inspection. La voiture est \u00e9quip\u00e9e d&#039;une image panoramique \u00e0 360 degr\u00e9s. Il y a maintenant 100 unit\u00e9s en stock sur la voiture disponibles pour une exp\u00e9dition en 3 jours. C&#039;est une vente chaude dans le monde entier.<\/p>","protected":false},"excerpt":{"rendered":"<p>2022 BAIC EU5 est une berline vendue par l&#039;exportateur chinois de voitures \u00e9lectriques DUDU NEV (concessionnaire officiel agr\u00e9\u00e9 de BAIC). La voiture est en bon \u00e9tat avec un tr\u00e8s faible kilom\u00e9trage d&#039;environ 80 000 \u00e0 200 000 km. Elle n&#039;est pas accident\u00e9e et dispose d&#039;un rapport d&#039;inspection. La voiture est \u00e9quip\u00e9e d&#039;une image panoramique \u00e0 360 degr\u00e9s. Il y a maintenant 100 unit\u00e9s en stock sur la voiture disponible pour [\u2026]<\/p>","protected":false},"featured_media":2075,"comment_status":"open","ping_status":"closed","template":"","meta":{"_acf_changed":false},"product_brand":[],"product_cat":[21,59],"product_tag":[],"class_list":{"0":"post-2089","1":"product","2":"type-product","3":"status-publish","4":"has-post-thumbnail","6":"product_cat-used-car","7":"product_cat-used-baic","9":"first","10":"instock","11":"shipping-taxable","12":"purchasable","13":"product-type-simple"},"acf":[],"_links":{"self":[{"href":"https:\/\/www.cars-in-china.com\/fr\/wp-json\/wp\/v2\/product\/2089","targetHints":{"allow":["GET"]}}],"collection":[{"href":"https:\/\/www.cars-in-china.com\/fr\/wp-json\/wp\/v2\/product"}],"about":[{"href":"https:\/\/www.cars-in-china.com\/fr\/wp-json\/wp\/v2\/types\/product"}],"replies":[{"embeddable":true,"href":"https:\/\/www.cars-in-china.com\/fr\/wp-json\/wp\/v2\/comments?post=2089"}],"wp:featuredmedia":[{"embeddable":true,"href":"https:\/\/www.cars-in-china.com\/fr\/wp-json\/wp\/v2\/media\/2075"}],"wp:attachment":[{"href":"https:\/\/www.cars-in-china.com\/fr\/wp-json\/wp\/v2\/media?parent=2089"}],"wp:term":[{"taxonomy":"product_brand","embeddable":true,"href":"https:\/\/www.cars-in-china.com\/fr\/wp-json\/wp\/v2\/product_brand?post=2089"},{"taxonomy":"product_cat","embeddable":true,"href":"https:\/\/www.cars-in-china.com\/fr\/wp-json\/wp\/v2\/product_cat?post=2089"},{"taxonomy":"product_tag","embeddable":true,"href":"https:\/\/www.cars-in-china.com\/fr\/wp-json\/wp\/v2\/product_tag?post=2089"}],"curies":[{"name":"wp","href":"https:\/\/api.w.org\/{rel}","templated":true}]}}