{"id":2036,"date":"2024-06-12T06:55:21","date_gmt":"2024-06-12T06:55:21","guid":{"rendered":"https:\/\/www.cars-in-china.com\/?post_type=product&#038;p=2036"},"modified":"2025-02-05T14:14:37","modified_gmt":"2025-02-05T06:14:37","slug":"2021-chang-an-eado-ev460","status":"publish","type":"product","link":"https:\/\/www.cars-in-china.com\/fr\/2021-chang-an-eado-ev460\/","title":{"rendered":"Chang An Eado EV460 2021"},"content":{"rendered":"<p>2021 Chang An Eado EV460 est une berline vendue par l&#039;exportateur chinois de voitures \u00e9lectriques DUDU NEV (le concessionnaire officiel agr\u00e9\u00e9 de Changan). La voiture est en bon \u00e9tat avec un tr\u00e8s faible kilom\u00e9trage d&#039;environ 60 000 \u00e0 100 000 km. Elle n&#039;a pas \u00e9t\u00e9 accident\u00e9e et dispose d&#039;un rapport d&#039;inspection. Il y a maintenant 400 unit\u00e9s en stock sur la voiture disponibles pour une exp\u00e9dition dans 3 jours. La voiture est \u00e9quip\u00e9e d&#039;un toit ouvrant \u00e9lectrique ouvrable. Elle est en vente chaude dans le monde entier.<\/p>\n<p>&nbsp;<\/p>","protected":false},"excerpt":{"rendered":"<p>La Chang An Eado EV460 2021 est une berline commercialis\u00e9e par DUDU NEV, exportateur chinois de voitures \u00e9lectriques (concessionnaire officiel Chang An). Elle est en bon \u00e9tat et affiche un tr\u00e8s faible kilom\u00e9trage, entre 60\u00a0000 et 100\u00a0000 km. Non accident\u00e9e, elle est accompagn\u00e9e d&#039;un rapport d&#039;inspection. 400 exemplaires sont actuellement en stock et peuvent \u00eatre exp\u00e9di\u00e9s sous 3 jours. [\u2026]<\/p>","protected":false},"featured_media":9104,"comment_status":"closed","ping_status":"closed","template":"","meta":{"_acf_changed":false},"product_brand":[],"product_cat":[21,47],"product_tag":[],"class_list":{"0":"post-2036","1":"product","2":"type-product","3":"status-publish","4":"has-post-thumbnail","6":"product_cat-used-car","7":"product_cat-used-changan","9":"first","10":"instock","11":"shipping-taxable","12":"purchasable","13":"product-type-simple"},"acf":[],"_links":{"self":[{"href":"https:\/\/www.cars-in-china.com\/fr\/wp-json\/wp\/v2\/product\/2036","targetHints":{"allow":["GET"]}}],"collection":[{"href":"https:\/\/www.cars-in-china.com\/fr\/wp-json\/wp\/v2\/product"}],"about":[{"href":"https:\/\/www.cars-in-china.com\/fr\/wp-json\/wp\/v2\/types\/product"}],"replies":[{"embeddable":true,"href":"https:\/\/www.cars-in-china.com\/fr\/wp-json\/wp\/v2\/comments?post=2036"}],"wp:featuredmedia":[{"embeddable":true,"href":"https:\/\/www.cars-in-china.com\/fr\/wp-json\/wp\/v2\/media\/9104"}],"wp:attachment":[{"href":"https:\/\/www.cars-in-china.com\/fr\/wp-json\/wp\/v2\/media?parent=2036"}],"wp:term":[{"taxonomy":"product_brand","embeddable":true,"href":"https:\/\/www.cars-in-china.com\/fr\/wp-json\/wp\/v2\/product_brand?post=2036"},{"taxonomy":"product_cat","embeddable":true,"href":"https:\/\/www.cars-in-china.com\/fr\/wp-json\/wp\/v2\/product_cat?post=2036"},{"taxonomy":"product_tag","embeddable":true,"href":"https:\/\/www.cars-in-china.com\/fr\/wp-json\/wp\/v2\/product_tag?post=2036"}],"curies":[{"name":"wp","href":"https:\/\/api.w.org\/{rel}","templated":true}]}}