{"id":1910,"date":"2024-05-30T08:43:05","date_gmt":"2024-05-30T08:43:05","guid":{"rendered":"https:\/\/www.cars-in-china.com\/?post_type=product&#038;p=1910"},"modified":"2024-08-09T07:04:48","modified_gmt":"2024-08-09T07:04:48","slug":"2022-hongqi-e-hs9","status":"publish","type":"product","link":"https:\/\/www.cars-in-china.com\/fr\/2022-hongqi-e-hs9\/","title":{"rendered":"2022 Hongqi E-Hs9"},"content":{"rendered":"<p>2022 Hongqi Ehs9 est un SUV vendu par l&#039;exportateur chinois de voitures \u00e9lectriques DUDU NEV (le concessionnaire officiel agr\u00e9\u00e9 de Hongqi). La voiture est en bon \u00e9tat avec un tr\u00e8s faible kilom\u00e9trage d&#039;environ 60 000 \u00e0 100 000 km. Elle n&#039;a pas \u00e9t\u00e9 accident\u00e9e et dispose d&#039;un rapport d&#039;inspection. Il y a maintenant 200 unit\u00e9s en stock sur la voiture disponibles pour une exp\u00e9dition dans 3 jours. La voiture est \u00e9quip\u00e9e d&#039;un toit ouvrant \u00e9lectrique ouvrable. Elle est en vente \u00e0 chaud dans le monde entier.<\/p>","protected":false},"excerpt":{"rendered":"<p>Le Hongqi Ehs9 de 2022 est un SUV vendu par DUDU NEV, exportateur chinois de v\u00e9hicules \u00e9lectriques et distributeur agr\u00e9\u00e9 de Hongqi. Ce v\u00e9hicule est en excellent \u00e9tat et affiche un tr\u00e8s faible kilom\u00e9trage (entre 60\u00a0000 et 100\u00a0000 km). Il n&#039;a jamais \u00e9t\u00e9 accident\u00e9 et dispose d&#039;un rapport d&#039;inspection. 200 unit\u00e9s sont actuellement en stock et disponibles pour une livraison sous 3 jours. Ce v\u00e9hicule est \u00e9quip\u00e9 de [\u2026]<\/p>","protected":false},"featured_media":1861,"comment_status":"open","ping_status":"closed","template":"","meta":{"_acf_changed":false},"product_brand":[],"product_cat":[21,55],"product_tag":[],"class_list":{"0":"post-1910","1":"product","2":"type-product","3":"status-publish","4":"has-post-thumbnail","6":"product_cat-used-car","7":"product_cat-used-hongqi","9":"first","10":"instock","11":"shipping-taxable","12":"purchasable","13":"product-type-simple"},"acf":[],"_links":{"self":[{"href":"https:\/\/www.cars-in-china.com\/fr\/wp-json\/wp\/v2\/product\/1910","targetHints":{"allow":["GET"]}}],"collection":[{"href":"https:\/\/www.cars-in-china.com\/fr\/wp-json\/wp\/v2\/product"}],"about":[{"href":"https:\/\/www.cars-in-china.com\/fr\/wp-json\/wp\/v2\/types\/product"}],"replies":[{"embeddable":true,"href":"https:\/\/www.cars-in-china.com\/fr\/wp-json\/wp\/v2\/comments?post=1910"}],"wp:featuredmedia":[{"embeddable":true,"href":"https:\/\/www.cars-in-china.com\/fr\/wp-json\/wp\/v2\/media\/1861"}],"wp:attachment":[{"href":"https:\/\/www.cars-in-china.com\/fr\/wp-json\/wp\/v2\/media?parent=1910"}],"wp:term":[{"taxonomy":"product_brand","embeddable":true,"href":"https:\/\/www.cars-in-china.com\/fr\/wp-json\/wp\/v2\/product_brand?post=1910"},{"taxonomy":"product_cat","embeddable":true,"href":"https:\/\/www.cars-in-china.com\/fr\/wp-json\/wp\/v2\/product_cat?post=1910"},{"taxonomy":"product_tag","embeddable":true,"href":"https:\/\/www.cars-in-china.com\/fr\/wp-json\/wp\/v2\/product_tag?post=1910"}],"curies":[{"name":"wp","href":"https:\/\/api.w.org\/{rel}","templated":true}]}}