{"id":1897,"date":"2024-05-30T05:47:02","date_gmt":"2024-05-30T05:47:02","guid":{"rendered":"https:\/\/www.cars-in-china.com\/?post_type=product&#038;p=1897"},"modified":"2024-08-09T07:11:13","modified_gmt":"2024-08-09T07:11:13","slug":"2022-volkswagen-id3-pro","status":"publish","type":"product","link":"https:\/\/www.cars-in-china.com\/fr\/2022-volkswagen-id3-pro\/","title":{"rendered":"Volkswagen ID3 PRO 2022"},"content":{"rendered":"<p>La Volkswagen ID.3 pro 2022 est une berline vendue par l&#039;exportateur chinois de voitures \u00e9lectriques DUDU NEV (le concessionnaire officiel agr\u00e9\u00e9 de Volkswagen). La voiture est en bon \u00e9tat avec un tr\u00e8s faible kilom\u00e9trage d&#039;environ 10 000 \u00e0 60 000 km. Elle n&#039;a pas \u00e9t\u00e9 accident\u00e9e et dispose d&#039;un rapport d&#039;inspection. Il y a maintenant 100 unit\u00e9s en stock sur la voiture disponibles pour une exp\u00e9dition dans 3 jours. La voiture est \u00e9quip\u00e9e d&#039;un toit ouvrant \u00e9lectrique ouvrable. Elle est en vente chaude dans le monde entier.<\/p>","protected":false},"excerpt":{"rendered":"<p>La Volkswagen ID.3 Pro 2022 est une berline commercialis\u00e9e par DUDU NEV, exportateur chinois de voitures \u00e9lectriques (concessionnaire officiel Volkswagen). Elle est en bon \u00e9tat et affiche un tr\u00e8s faible kilom\u00e9trage, entre 10\u00a0000 et 60\u00a0000 km. Non accident\u00e9e, elle est accompagn\u00e9e d&#039;un rapport d&#039;inspection. 100 exemplaires sont actuellement en stock et peuvent \u00eatre exp\u00e9di\u00e9s sous 3 jours. Elle est \u00e9quip\u00e9e d&#039;un [\u2026]<\/p>","protected":false},"featured_media":3224,"comment_status":"open","ping_status":"closed","template":"","meta":{"_acf_changed":false},"product_brand":[],"product_cat":[21,44],"product_tag":[],"class_list":{"0":"post-1897","1":"product","2":"type-product","3":"status-publish","4":"has-post-thumbnail","6":"product_cat-used-car","7":"product_cat-used-volkswagen","9":"first","10":"instock","11":"shipping-taxable","12":"purchasable","13":"product-type-simple"},"acf":[],"_links":{"self":[{"href":"https:\/\/www.cars-in-china.com\/fr\/wp-json\/wp\/v2\/product\/1897","targetHints":{"allow":["GET"]}}],"collection":[{"href":"https:\/\/www.cars-in-china.com\/fr\/wp-json\/wp\/v2\/product"}],"about":[{"href":"https:\/\/www.cars-in-china.com\/fr\/wp-json\/wp\/v2\/types\/product"}],"replies":[{"embeddable":true,"href":"https:\/\/www.cars-in-china.com\/fr\/wp-json\/wp\/v2\/comments?post=1897"}],"wp:featuredmedia":[{"embeddable":true,"href":"https:\/\/www.cars-in-china.com\/fr\/wp-json\/wp\/v2\/media\/3224"}],"wp:attachment":[{"href":"https:\/\/www.cars-in-china.com\/fr\/wp-json\/wp\/v2\/media?parent=1897"}],"wp:term":[{"taxonomy":"product_brand","embeddable":true,"href":"https:\/\/www.cars-in-china.com\/fr\/wp-json\/wp\/v2\/product_brand?post=1897"},{"taxonomy":"product_cat","embeddable":true,"href":"https:\/\/www.cars-in-china.com\/fr\/wp-json\/wp\/v2\/product_cat?post=1897"},{"taxonomy":"product_tag","embeddable":true,"href":"https:\/\/www.cars-in-china.com\/fr\/wp-json\/wp\/v2\/product_tag?post=1897"}],"curies":[{"name":"wp","href":"https:\/\/api.w.org\/{rel}","templated":true}]}}