{"id":1600,"date":"2024-06-04T07:07:14","date_gmt":"2024-06-04T07:07:14","guid":{"rendered":"https:\/\/www.cars-in-china.com\/?post_type=product&#038;p=1600"},"modified":"2024-08-09T07:13:01","modified_gmt":"2024-08-09T07:13:01","slug":"2023-toyota-bz3","status":"publish","type":"product","link":"https:\/\/www.cars-in-china.com\/fr\/2023-toyota-bz3\/","title":{"rendered":"Toyota bZ3 2023"},"content":{"rendered":"<p>La Toyota bZ3 est une voiture de milieu de gamme vendue par l&#039;exportateur chinois de voitures \u00e9lectriques DUDU NEV (le concessionnaire officiel agr\u00e9\u00e9 de Toyota). La voiture est en bon \u00e9tat avec un tr\u00e8s faible kilom\u00e9trage d&#039;environ 30 000 \u00e0 100 000 km. Elle n&#039;a pas \u00e9t\u00e9 accident\u00e9e et dispose d&#039;un rapport d&#039;inspection. Il y a maintenant 400 unit\u00e9s en stock sur la voiture disponibles pour une exp\u00e9dition dans 3 jours. La voiture est \u00e9quip\u00e9e d&#039;un toit ouvrant \u00e9lectrique ouvrable. Elle est en vente dans le monde entier.<\/p>","protected":false},"excerpt":{"rendered":"<p>La Toyota bZ3 est une voiture de milieu de gamme vendue par DUDU NEV, exportateur chinois de voitures \u00e9lectriques (concessionnaire officiel Toyota). Elle est en bon \u00e9tat et affiche un tr\u00e8s faible kilom\u00e9trage, entre 30\u00a0000 et 100\u00a0000 km. Elle n&#039;a pas \u00e9t\u00e9 accident\u00e9e et dispose d&#039;un rapport d&#039;inspection. 400 exemplaires sont actuellement en stock et peuvent \u00eatre exp\u00e9di\u00e9s sous 3 jours. [\u2026]<\/p>","protected":false},"featured_media":1624,"comment_status":"open","ping_status":"closed","template":"","meta":{"_acf_changed":false},"product_brand":[],"product_cat":[21,45],"product_tag":[],"class_list":{"0":"post-1600","1":"product","2":"type-product","3":"status-publish","4":"has-post-thumbnail","6":"product_cat-used-car","7":"product_cat-used-toyota","9":"first","10":"instock","11":"shipping-taxable","12":"purchasable","13":"product-type-simple"},"acf":[],"_links":{"self":[{"href":"https:\/\/www.cars-in-china.com\/fr\/wp-json\/wp\/v2\/product\/1600","targetHints":{"allow":["GET"]}}],"collection":[{"href":"https:\/\/www.cars-in-china.com\/fr\/wp-json\/wp\/v2\/product"}],"about":[{"href":"https:\/\/www.cars-in-china.com\/fr\/wp-json\/wp\/v2\/types\/product"}],"replies":[{"embeddable":true,"href":"https:\/\/www.cars-in-china.com\/fr\/wp-json\/wp\/v2\/comments?post=1600"}],"wp:featuredmedia":[{"embeddable":true,"href":"https:\/\/www.cars-in-china.com\/fr\/wp-json\/wp\/v2\/media\/1624"}],"wp:attachment":[{"href":"https:\/\/www.cars-in-china.com\/fr\/wp-json\/wp\/v2\/media?parent=1600"}],"wp:term":[{"taxonomy":"product_brand","embeddable":true,"href":"https:\/\/www.cars-in-china.com\/fr\/wp-json\/wp\/v2\/product_brand?post=1600"},{"taxonomy":"product_cat","embeddable":true,"href":"https:\/\/www.cars-in-china.com\/fr\/wp-json\/wp\/v2\/product_cat?post=1600"},{"taxonomy":"product_tag","embeddable":true,"href":"https:\/\/www.cars-in-china.com\/fr\/wp-json\/wp\/v2\/product_tag?post=1600"}],"curies":[{"name":"wp","href":"https:\/\/api.w.org\/{rel}","templated":true}]}}