{"id":1595,"date":"2024-05-24T07:19:35","date_gmt":"2024-05-24T07:19:35","guid":{"rendered":"https:\/\/www.cars-in-china.com\/?post_type=product&#038;p=1595"},"modified":"2024-08-09T06:53:32","modified_gmt":"2024-08-09T06:53:32","slug":"2021-volkswagen-e-lavida","status":"publish","type":"product","link":"https:\/\/www.cars-in-china.com\/fr\/2021-volkswagen-e-lavida\/","title":{"rendered":"Volkswagen E-Lavida 2019"},"content":{"rendered":"<p>La Volkswagen E-Lavida 2019 est une berline vendue par l&#039;exportateur chinois de voitures \u00e9lectriques DUDU NEV (le concessionnaire officiel agr\u00e9\u00e9 de Volkswagen). Cette voiture est en bon \u00e9tat avec un tr\u00e8s faible kilom\u00e9trage d&#039;environ 50 000 \u00e0 100 000 km. Elle n&#039;a pas \u00e9t\u00e9 accident\u00e9e et dispose d&#039;un rapport d&#039;inspection. Il y a maintenant 400 unit\u00e9s en stock sur la voiture disponibles pour une exp\u00e9dition dans 3 jours. La voiture est \u00e9quip\u00e9e d&#039;un toit ouvrant ouvrable et d&#039;une \u00e9conomie de carburant. C&#039;est une vente chaude dans le monde entier.<\/p>","protected":false},"excerpt":{"rendered":"<p>La Volkswagen E-Lavida 2019 est une berline commercialis\u00e9e par DUDU NEV, exportateur chinois de voitures \u00e9lectriques (concessionnaire officiel Volkswagen). Ce v\u00e9hicule est en bon \u00e9tat et affiche un tr\u00e8s faible kilom\u00e9trage, entre 50\u00a0000 et 100\u00a0000 km. Non accident\u00e9, il dispose d&#039;un rapport d&#039;inspection. 400 exemplaires sont actuellement en stock et peuvent \u00eatre exp\u00e9di\u00e9s sous 3 jours. La voiture est \u00e9quip\u00e9e de [\u2026]<\/p>","protected":false},"featured_media":1572,"comment_status":"open","ping_status":"closed","template":"","meta":{"_acf_changed":false},"product_brand":[],"product_cat":[21,44],"product_tag":[],"class_list":{"0":"post-1595","1":"product","2":"type-product","3":"status-publish","4":"has-post-thumbnail","6":"product_cat-used-car","7":"product_cat-used-volkswagen","9":"first","10":"instock","11":"shipping-taxable","12":"purchasable","13":"product-type-simple"},"acf":[],"_links":{"self":[{"href":"https:\/\/www.cars-in-china.com\/fr\/wp-json\/wp\/v2\/product\/1595","targetHints":{"allow":["GET"]}}],"collection":[{"href":"https:\/\/www.cars-in-china.com\/fr\/wp-json\/wp\/v2\/product"}],"about":[{"href":"https:\/\/www.cars-in-china.com\/fr\/wp-json\/wp\/v2\/types\/product"}],"replies":[{"embeddable":true,"href":"https:\/\/www.cars-in-china.com\/fr\/wp-json\/wp\/v2\/comments?post=1595"}],"wp:featuredmedia":[{"embeddable":true,"href":"https:\/\/www.cars-in-china.com\/fr\/wp-json\/wp\/v2\/media\/1572"}],"wp:attachment":[{"href":"https:\/\/www.cars-in-china.com\/fr\/wp-json\/wp\/v2\/media?parent=1595"}],"wp:term":[{"taxonomy":"product_brand","embeddable":true,"href":"https:\/\/www.cars-in-china.com\/fr\/wp-json\/wp\/v2\/product_brand?post=1595"},{"taxonomy":"product_cat","embeddable":true,"href":"https:\/\/www.cars-in-china.com\/fr\/wp-json\/wp\/v2\/product_cat?post=1595"},{"taxonomy":"product_tag","embeddable":true,"href":"https:\/\/www.cars-in-china.com\/fr\/wp-json\/wp\/v2\/product_tag?post=1595"}],"curies":[{"name":"wp","href":"https:\/\/api.w.org\/{rel}","templated":true}]}}