{"id":15433,"date":"2026-04-03T15:26:36","date_gmt":"2026-04-03T07:26:36","guid":{"rendered":"https:\/\/www.cars-in-china.com\/?post_type=product&#038;p=15433"},"modified":"2026-04-07T15:32:44","modified_gmt":"2026-04-07T07:32:44","slug":"2025-byd-tang-l-dm","status":"publish","type":"product","link":"https:\/\/www.cars-in-china.com\/fr\/2025-byd-tang-l-dm\/","title":{"rendered":"2025 BYD TANG L DM"},"content":{"rendered":"<p>Le BYD Tang L DM 2025 est un SUV familial hybride rechargeable de taille moyenne (\u00e9galement commercialis\u00e9 sous le nom de \u00ab\u00a0Sealion 05 DM-i\u00a0\u00bb en Chine), vendu par l&#039;exportateur chinois de v\u00e9hicules \u00e9lectriques DUDU NEV (distributeur agr\u00e9\u00e9 BYD). DUDU NEV dispose de toutes les qualifications requises pour l&#039;exportation et propose des proc\u00e9dures simplifi\u00e9es. C&#039;est une unit\u00e9 pilote d&#039;exportation automobile agr\u00e9\u00e9e par le Minist\u00e8re du Commerce. Actuellement, 50 unit\u00e9s sont en stock et disponibles pour une livraison sous 10 jours. Ce v\u00e9hicule rencontre un vif succ\u00e8s \u00e0 travers le monde.<\/p>","protected":false},"excerpt":{"rendered":"<p>Le BYD TANG L DM 2025 est un SUV familial hybride rechargeable de taille moyenne (\u00e9galement vendu sous le nom de \u00ab\u00a0Sealion 05 DM-i\u00a0\u00bb en Chine) commercialis\u00e9 par l&#039;exportateur chinois de v\u00e9hicules \u00e9lectriques DUDU NEV (distributeur agr\u00e9\u00e9 officiel de BYD). DUDU NEV poss\u00e8de les qualifications requises pour l&#039;exportation, dispose de toutes les qualifications n\u00e9cessaires et propose des proc\u00e9dures d&#039;exportation simplifi\u00e9es. C&#039;est une unit\u00e9 pilote d&#039;exportation automobile agr\u00e9\u00e9e par le Minist\u00e8re de l&#039;\u00c9nergie et des Transports.<\/p>","protected":false},"featured_media":15212,"comment_status":"open","ping_status":"closed","template":"","meta":{"_acf_changed":false},"product_brand":[],"product_cat":[20,22],"product_tag":[],"class_list":{"0":"post-15433","1":"product","2":"type-product","3":"status-publish","4":"has-post-thumbnail","6":"product_cat-new-car","7":"product_cat-byd","9":"first","10":"instock","11":"shipping-taxable","12":"purchasable","13":"product-type-simple"},"acf":[],"_links":{"self":[{"href":"https:\/\/www.cars-in-china.com\/fr\/wp-json\/wp\/v2\/product\/15433","targetHints":{"allow":["GET"]}}],"collection":[{"href":"https:\/\/www.cars-in-china.com\/fr\/wp-json\/wp\/v2\/product"}],"about":[{"href":"https:\/\/www.cars-in-china.com\/fr\/wp-json\/wp\/v2\/types\/product"}],"replies":[{"embeddable":true,"href":"https:\/\/www.cars-in-china.com\/fr\/wp-json\/wp\/v2\/comments?post=15433"}],"wp:featuredmedia":[{"embeddable":true,"href":"https:\/\/www.cars-in-china.com\/fr\/wp-json\/wp\/v2\/media\/15212"}],"wp:attachment":[{"href":"https:\/\/www.cars-in-china.com\/fr\/wp-json\/wp\/v2\/media?parent=15433"}],"wp:term":[{"taxonomy":"product_brand","embeddable":true,"href":"https:\/\/www.cars-in-china.com\/fr\/wp-json\/wp\/v2\/product_brand?post=15433"},{"taxonomy":"product_cat","embeddable":true,"href":"https:\/\/www.cars-in-china.com\/fr\/wp-json\/wp\/v2\/product_cat?post=15433"},{"taxonomy":"product_tag","embeddable":true,"href":"https:\/\/www.cars-in-china.com\/fr\/wp-json\/wp\/v2\/product_tag?post=15433"}],"curies":[{"name":"wp","href":"https:\/\/api.w.org\/{rel}","templated":true}]}}