{"id":15422,"date":"2026-04-01T16:09:32","date_gmt":"2026-04-01T08:09:32","guid":{"rendered":"https:\/\/www.cars-in-china.com\/?post_type=product&#038;p=15422"},"modified":"2026-04-01T16:28:29","modified_gmt":"2026-04-01T08:28:29","slug":"2025-byd-han-l-dm-i-2","status":"publish","type":"product","link":"https:\/\/www.cars-in-china.com\/fr\/2025-byd-han-l-dm-i-2\/","title":{"rendered":"2025 BYD HAN L DM-i"},"content":{"rendered":"<p>La BYD HAN L DM-i 2025 est une berline vendue par DUDU NEV, exportateur chinois de v\u00e9hicules \u00e9lectriques et distributeur agr\u00e9\u00e9 de BYD. DUDU NEV poss\u00e8de toutes les qualifications requises pour l&#039;exportation et propose des proc\u00e9dures simplifi\u00e9es. Elle est d&#039;ailleurs une unit\u00e9 pilote d&#039;exportation automobile agr\u00e9\u00e9e par le Minist\u00e8re du Commerce. Actuellement, 50 unit\u00e9s sont disponibles en stock et peuvent \u00eatre exp\u00e9di\u00e9es sous 10 jours. La livraison est rapide. Ce mod\u00e8le rencontre un vif succ\u00e8s \u00e0 l&#039;international.<\/p>","protected":false},"excerpt":{"rendered":"<p>La BYD HAN L DM-i 2025 est une berline vendue par DUDU NEV (distributeur agr\u00e9\u00e9 de BYD), exportateur chinois de v\u00e9hicules \u00e9lectriques. DUDU NEV poss\u00e8de toutes les qualifications requises pour l&#039;exportation et propose des proc\u00e9dures simplifi\u00e9es. Elle est une unit\u00e9 pilote d&#039;exportation automobile agr\u00e9\u00e9e par le minist\u00e8re du Commerce. Actuellement, 50 unit\u00e9s sont disponibles.<\/p>","protected":false},"featured_media":15346,"comment_status":"open","ping_status":"closed","template":"","meta":{"_acf_changed":false},"product_brand":[],"product_cat":[20,22],"product_tag":[],"class_list":{"0":"post-15422","1":"product","2":"type-product","3":"status-publish","4":"has-post-thumbnail","6":"product_cat-new-car","7":"product_cat-byd","9":"first","10":"instock","11":"shipping-taxable","12":"purchasable","13":"product-type-simple"},"acf":[],"_links":{"self":[{"href":"https:\/\/www.cars-in-china.com\/fr\/wp-json\/wp\/v2\/product\/15422","targetHints":{"allow":["GET"]}}],"collection":[{"href":"https:\/\/www.cars-in-china.com\/fr\/wp-json\/wp\/v2\/product"}],"about":[{"href":"https:\/\/www.cars-in-china.com\/fr\/wp-json\/wp\/v2\/types\/product"}],"replies":[{"embeddable":true,"href":"https:\/\/www.cars-in-china.com\/fr\/wp-json\/wp\/v2\/comments?post=15422"}],"wp:featuredmedia":[{"embeddable":true,"href":"https:\/\/www.cars-in-china.com\/fr\/wp-json\/wp\/v2\/media\/15346"}],"wp:attachment":[{"href":"https:\/\/www.cars-in-china.com\/fr\/wp-json\/wp\/v2\/media?parent=15422"}],"wp:term":[{"taxonomy":"product_brand","embeddable":true,"href":"https:\/\/www.cars-in-china.com\/fr\/wp-json\/wp\/v2\/product_brand?post=15422"},{"taxonomy":"product_cat","embeddable":true,"href":"https:\/\/www.cars-in-china.com\/fr\/wp-json\/wp\/v2\/product_cat?post=15422"},{"taxonomy":"product_tag","embeddable":true,"href":"https:\/\/www.cars-in-china.com\/fr\/wp-json\/wp\/v2\/product_tag?post=15422"}],"curies":[{"name":"wp","href":"https:\/\/api.w.org\/{rel}","templated":true}]}}