{"id":15393,"date":"2026-03-30T11:37:38","date_gmt":"2026-03-30T03:37:38","guid":{"rendered":"https:\/\/www.cars-in-china.com\/?post_type=product&#038;p=15393"},"modified":"2026-03-30T11:56:10","modified_gmt":"2026-03-30T03:56:10","slug":"2025-byd-song-l-ev","status":"publish","type":"product","link":"https:\/\/www.cars-in-china.com\/fr\/2025-byd-song-l-ev\/","title":{"rendered":"2025 BYD SONG L EV"},"content":{"rendered":"<p>Le BYD SONG L EV 2025 est un SUV vendu par DUDU NEV, exportateur chinois de v\u00e9hicules \u00e9lectriques et distributeur agr\u00e9\u00e9 de BYD. DUDU NEV poss\u00e8de toutes les qualifications requises pour l&#039;exportation et propose des proc\u00e9dures simplifi\u00e9es. Unit\u00e9 pilote d&#039;exportation automobile agr\u00e9\u00e9e par le Minist\u00e8re du Commerce, DUDU NEV dispose actuellement de 50 unit\u00e9s en stock, livrables sous 10 jours. Ce v\u00e9hicule rencontre un vif succ\u00e8s \u00e0 travers le monde.<\/p>","protected":false},"excerpt":{"rendered":"<p>Le BYD SONG L EV 2025 est un SUV vendu par DUDU NEV, exportateur chinois de v\u00e9hicules \u00e9lectriques et distributeur agr\u00e9\u00e9 de BYD. DUDU NEV poss\u00e8de toutes les qualifications requises pour l&#039;exportation et propose des proc\u00e9dures simplifi\u00e9es. C&#039;est une unit\u00e9 pilote d&#039;exportation automobile agr\u00e9\u00e9e par le minist\u00e8re du Commerce. Actuellement, 50 unit\u00e9s sont disponibles en stock.<\/p>","protected":false},"featured_media":14765,"comment_status":"open","ping_status":"closed","template":"","meta":{"_acf_changed":false},"product_brand":[],"product_cat":[20,22],"product_tag":[],"class_list":{"0":"post-15393","1":"product","2":"type-product","3":"status-publish","4":"has-post-thumbnail","6":"product_cat-new-car","7":"product_cat-byd","9":"first","10":"instock","11":"shipping-taxable","12":"purchasable","13":"product-type-simple"},"acf":[],"_links":{"self":[{"href":"https:\/\/www.cars-in-china.com\/fr\/wp-json\/wp\/v2\/product\/15393","targetHints":{"allow":["GET"]}}],"collection":[{"href":"https:\/\/www.cars-in-china.com\/fr\/wp-json\/wp\/v2\/product"}],"about":[{"href":"https:\/\/www.cars-in-china.com\/fr\/wp-json\/wp\/v2\/types\/product"}],"replies":[{"embeddable":true,"href":"https:\/\/www.cars-in-china.com\/fr\/wp-json\/wp\/v2\/comments?post=15393"}],"wp:featuredmedia":[{"embeddable":true,"href":"https:\/\/www.cars-in-china.com\/fr\/wp-json\/wp\/v2\/media\/14765"}],"wp:attachment":[{"href":"https:\/\/www.cars-in-china.com\/fr\/wp-json\/wp\/v2\/media?parent=15393"}],"wp:term":[{"taxonomy":"product_brand","embeddable":true,"href":"https:\/\/www.cars-in-china.com\/fr\/wp-json\/wp\/v2\/product_brand?post=15393"},{"taxonomy":"product_cat","embeddable":true,"href":"https:\/\/www.cars-in-china.com\/fr\/wp-json\/wp\/v2\/product_cat?post=15393"},{"taxonomy":"product_tag","embeddable":true,"href":"https:\/\/www.cars-in-china.com\/fr\/wp-json\/wp\/v2\/product_tag?post=15393"}],"curies":[{"name":"wp","href":"https:\/\/api.w.org\/{rel}","templated":true}]}}