{"id":1511,"date":"2024-05-24T02:42:12","date_gmt":"2024-05-24T02:42:12","guid":{"rendered":"https:\/\/www.cars-in-china.com\/?post_type=product&#038;p=1511"},"modified":"2024-08-22T03:02:25","modified_gmt":"2024-08-22T03:02:25","slug":"2021-tnga-1-5l-toyota-corolla","status":"publish","type":"product","link":"https:\/\/www.cars-in-china.com\/fr\/2021-tnga-1-5l-toyota-corolla\/","title":{"rendered":"Toyota Corolla TNGA 1,5 L 2021"},"content":{"rendered":"<p>La Toyota Corolla TNGA 1,5 L 2021 est une voiture compacte vendue par le concessionnaire chinois de voitures \u00e9lectriques DUDU NEV (le concessionnaire officiel agr\u00e9\u00e9 de Toyota). Cette voiture est en bon \u00e9tat avec un tr\u00e8s faible kilom\u00e9trage d&#039;environ 30 000 \u00e0 60 000 km. Elle n&#039;a pas \u00e9t\u00e9 accident\u00e9e et dispose d&#039;un rapport d&#039;inspection. Il y a maintenant 200 unit\u00e9s en stock sur la voiture disponibles pour une exp\u00e9dition dans 3 jours. La voiture est \u00e9quip\u00e9e d&#039;un toit ouvrant ouvrable et d&#039;une \u00e9conomie de carburant. Elle est en vente \u00e0 chaud dans le monde entier.<\/p>","protected":false},"excerpt":{"rendered":"<p>La Toyota Corolla TNGA 1,5 L 2021 est une voiture compacte vendue par le concessionnaire chinois de voitures \u00e9lectriques DUDU NEV (concessionnaire officiel Toyota). Elle est en bon \u00e9tat et affiche un tr\u00e8s faible kilom\u00e9trage, entre 30\u00a0000 et 60\u00a0000 km. Elle n&#039;a pas \u00e9t\u00e9 accident\u00e9e et dispose d&#039;un rapport d&#039;inspection. 200 exemplaires sont actuellement en stock et peuvent \u00eatre exp\u00e9di\u00e9s en 3 jours.<\/p>","protected":false},"featured_media":1513,"comment_status":"open","ping_status":"closed","template":"","meta":{"_acf_changed":false},"product_brand":[],"product_cat":[21,45],"product_tag":[],"class_list":{"0":"post-1511","1":"product","2":"type-product","3":"status-publish","4":"has-post-thumbnail","6":"product_cat-used-car","7":"product_cat-used-toyota","9":"first","10":"instock","11":"shipping-taxable","12":"purchasable","13":"product-type-simple"},"acf":[],"_links":{"self":[{"href":"https:\/\/www.cars-in-china.com\/fr\/wp-json\/wp\/v2\/product\/1511","targetHints":{"allow":["GET"]}}],"collection":[{"href":"https:\/\/www.cars-in-china.com\/fr\/wp-json\/wp\/v2\/product"}],"about":[{"href":"https:\/\/www.cars-in-china.com\/fr\/wp-json\/wp\/v2\/types\/product"}],"replies":[{"embeddable":true,"href":"https:\/\/www.cars-in-china.com\/fr\/wp-json\/wp\/v2\/comments?post=1511"}],"wp:featuredmedia":[{"embeddable":true,"href":"https:\/\/www.cars-in-china.com\/fr\/wp-json\/wp\/v2\/media\/1513"}],"wp:attachment":[{"href":"https:\/\/www.cars-in-china.com\/fr\/wp-json\/wp\/v2\/media?parent=1511"}],"wp:term":[{"taxonomy":"product_brand","embeddable":true,"href":"https:\/\/www.cars-in-china.com\/fr\/wp-json\/wp\/v2\/product_brand?post=1511"},{"taxonomy":"product_cat","embeddable":true,"href":"https:\/\/www.cars-in-china.com\/fr\/wp-json\/wp\/v2\/product_cat?post=1511"},{"taxonomy":"product_tag","embeddable":true,"href":"https:\/\/www.cars-in-china.com\/fr\/wp-json\/wp\/v2\/product_tag?post=1511"}],"curies":[{"name":"wp","href":"https:\/\/api.w.org\/{rel}","templated":true}]}}