{"id":13697,"date":"2025-09-17T13:50:03","date_gmt":"2025-09-17T05:50:03","guid":{"rendered":"https:\/\/www.cars-in-china.com\/?post_type=product&#038;p=13697"},"modified":"2025-09-18T17:11:17","modified_gmt":"2025-09-18T09:11:17","slug":"2026-geely-emgrand","status":"publish","type":"product","link":"https:\/\/www.cars-in-china.com\/fr\/2026-geely-emgrand\/","title":{"rendered":"Geely Emgrand 2026"},"content":{"rendered":"<p>La Geely Emgrand 2026 est une voiture compacte commercialis\u00e9e par DUDU NEV, exportateur chinois de v\u00e9hicules \u00e9lectriques (concessionnaire officiel de Geely). DUDU NEV, qui b\u00e9n\u00e9ficie de qualifications professionnelles et compl\u00e8tes en mati\u00e8re d&#039;exportation, b\u00e9n\u00e9ficie de proc\u00e9dures d&#039;exportation simplifi\u00e9es et est une unit\u00e9 pilote d&#039;exportation automobile agr\u00e9\u00e9e par le minist\u00e8re du Commerce. Elle est actuellement disponible en stock \u00e0 300 exemplaires, livrables sous 3 jours. Ce v\u00e9hicule est tr\u00e8s demand\u00e9 dans le monde entier.<\/p>","protected":false},"excerpt":{"rendered":"<p>&nbsp;<\/p>\n<p>&nbsp;<\/p>\n<p>&nbsp;<\/p>\n<p>&nbsp;<\/p>","protected":false},"featured_media":13446,"comment_status":"closed","ping_status":"closed","template":"","meta":{"_acf_changed":false},"product_brand":[],"product_cat":[20,24],"product_tag":[],"class_list":{"0":"post-13697","1":"product","2":"type-product","3":"status-publish","4":"has-post-thumbnail","6":"product_cat-new-car","7":"product_cat-geely","9":"first","10":"instock","11":"shipping-taxable","12":"purchasable","13":"product-type-simple"},"acf":[],"_links":{"self":[{"href":"https:\/\/www.cars-in-china.com\/fr\/wp-json\/wp\/v2\/product\/13697","targetHints":{"allow":["GET"]}}],"collection":[{"href":"https:\/\/www.cars-in-china.com\/fr\/wp-json\/wp\/v2\/product"}],"about":[{"href":"https:\/\/www.cars-in-china.com\/fr\/wp-json\/wp\/v2\/types\/product"}],"replies":[{"embeddable":true,"href":"https:\/\/www.cars-in-china.com\/fr\/wp-json\/wp\/v2\/comments?post=13697"}],"wp:featuredmedia":[{"embeddable":true,"href":"https:\/\/www.cars-in-china.com\/fr\/wp-json\/wp\/v2\/media\/13446"}],"wp:attachment":[{"href":"https:\/\/www.cars-in-china.com\/fr\/wp-json\/wp\/v2\/media?parent=13697"}],"wp:term":[{"taxonomy":"product_brand","embeddable":true,"href":"https:\/\/www.cars-in-china.com\/fr\/wp-json\/wp\/v2\/product_brand?post=13697"},{"taxonomy":"product_cat","embeddable":true,"href":"https:\/\/www.cars-in-china.com\/fr\/wp-json\/wp\/v2\/product_cat?post=13697"},{"taxonomy":"product_tag","embeddable":true,"href":"https:\/\/www.cars-in-china.com\/fr\/wp-json\/wp\/v2\/product_tag?post=13697"}],"curies":[{"name":"wp","href":"https:\/\/api.w.org\/{rel}","templated":true}]}}