{"id":13264,"date":"2025-09-11T17:55:50","date_gmt":"2025-09-11T09:55:50","guid":{"rendered":"https:\/\/www.cars-in-china.com\/?post_type=product&#038;p=13264"},"modified":"2025-09-12T16:39:52","modified_gmt":"2025-09-12T08:39:52","slug":"2026-byd-seal-07-dm-i","status":"publish","type":"product","link":"https:\/\/www.cars-in-china.com\/fr\/2026-byd-seal-07-dm-i\/","title":{"rendered":"Joint BYD 2026 07 DM-i"},"content":{"rendered":"<p>La BYD DM-i 2026, mod\u00e8le 07, est une berline interm\u00e9diaire commercialis\u00e9e par DUDU NEV, exportateur chinois de v\u00e9hicules \u00e9lectriques (concessionnaire officiel agr\u00e9\u00e9 BYD). DUDU NEV, qui b\u00e9n\u00e9ficie de qualifications professionnelles et compl\u00e8tes en mati\u00e8re d&#039;exportation, propose des proc\u00e9dures d&#039;exportation simplifi\u00e9es et est une unit\u00e9 pilote d&#039;exportation automobile agr\u00e9\u00e9e par le minist\u00e8re du Commerce. Elle est actuellement disponible en stock \u00e0 300 exemplaires, livrables sous 3 jours. Ce v\u00e9hicule est tr\u00e8s demand\u00e9 dans le monde entier.<\/p>","protected":false},"excerpt":{"rendered":"<p>&nbsp;<\/p>\n<p>&nbsp;<\/p>\n<p>&nbsp;<\/p>\n<p>&nbsp;<\/p>","protected":false},"featured_media":13130,"comment_status":"closed","ping_status":"closed","template":"","meta":{"_acf_changed":false},"product_brand":[],"product_cat":[20,22],"product_tag":[],"class_list":{"0":"post-13264","1":"product","2":"type-product","3":"status-publish","4":"has-post-thumbnail","6":"product_cat-new-car","7":"product_cat-byd","9":"first","10":"instock","11":"shipping-taxable","12":"purchasable","13":"product-type-simple"},"acf":[],"_links":{"self":[{"href":"https:\/\/www.cars-in-china.com\/fr\/wp-json\/wp\/v2\/product\/13264","targetHints":{"allow":["GET"]}}],"collection":[{"href":"https:\/\/www.cars-in-china.com\/fr\/wp-json\/wp\/v2\/product"}],"about":[{"href":"https:\/\/www.cars-in-china.com\/fr\/wp-json\/wp\/v2\/types\/product"}],"replies":[{"embeddable":true,"href":"https:\/\/www.cars-in-china.com\/fr\/wp-json\/wp\/v2\/comments?post=13264"}],"wp:featuredmedia":[{"embeddable":true,"href":"https:\/\/www.cars-in-china.com\/fr\/wp-json\/wp\/v2\/media\/13130"}],"wp:attachment":[{"href":"https:\/\/www.cars-in-china.com\/fr\/wp-json\/wp\/v2\/media?parent=13264"}],"wp:term":[{"taxonomy":"product_brand","embeddable":true,"href":"https:\/\/www.cars-in-china.com\/fr\/wp-json\/wp\/v2\/product_brand?post=13264"},{"taxonomy":"product_cat","embeddable":true,"href":"https:\/\/www.cars-in-china.com\/fr\/wp-json\/wp\/v2\/product_cat?post=13264"},{"taxonomy":"product_tag","embeddable":true,"href":"https:\/\/www.cars-in-china.com\/fr\/wp-json\/wp\/v2\/product_tag?post=13264"}],"curies":[{"name":"wp","href":"https:\/\/api.w.org\/{rel}","templated":true}]}}