{"id":12912,"date":"2025-04-11T15:26:28","date_gmt":"2025-04-11T07:26:28","guid":{"rendered":"https:\/\/www.cars-in-china.com\/?post_type=product&#038;p=12912"},"modified":"2025-04-11T17:41:30","modified_gmt":"2025-04-11T09:41:30","slug":"2025-mercedes-c","status":"publish","type":"product","link":"https:\/\/www.cars-in-china.com\/fr\/2025-mercedes-c\/","title":{"rendered":"Mercedes C 2025"},"content":{"rendered":"<p>La Mercedes C 2025 est une berline commercialis\u00e9e par DUDU NEV, exportateur chinois de v\u00e9hicules \u00e9lectriques (concessionnaire officiel Mercedes-Benz). DUDU NEV, qui b\u00e9n\u00e9ficie de qualifications professionnelles et compl\u00e8tes en mati\u00e8re d&#039;exportation, propose des proc\u00e9dures d&#039;exportation simplifi\u00e9es et est une unit\u00e9 pilote d&#039;exportation automobile agr\u00e9\u00e9e par le minist\u00e8re du Commerce. 300 exemplaires sont actuellement en stock et peuvent \u00eatre exp\u00e9di\u00e9s sous 3 jours. La livraison est rapide. Ce v\u00e9hicule est tr\u00e8s demand\u00e9 dans le monde entier.<\/p>","protected":false},"excerpt":{"rendered":"<p>&nbsp;<\/p>\n<p>&nbsp;<\/p>\n<p>&nbsp;<\/p>\n<p>&nbsp;<\/p>","protected":false},"featured_media":11158,"comment_status":"closed","ping_status":"closed","template":"","meta":{"_acf_changed":false},"product_brand":[],"product_cat":[20,32],"product_tag":[],"class_list":{"0":"post-12912","1":"product","2":"type-product","3":"status-publish","4":"has-post-thumbnail","6":"product_cat-new-car","7":"product_cat-mercedes-benz","9":"first","10":"instock","11":"shipping-taxable","12":"purchasable","13":"product-type-simple"},"acf":[],"_links":{"self":[{"href":"https:\/\/www.cars-in-china.com\/fr\/wp-json\/wp\/v2\/product\/12912","targetHints":{"allow":["GET"]}}],"collection":[{"href":"https:\/\/www.cars-in-china.com\/fr\/wp-json\/wp\/v2\/product"}],"about":[{"href":"https:\/\/www.cars-in-china.com\/fr\/wp-json\/wp\/v2\/types\/product"}],"replies":[{"embeddable":true,"href":"https:\/\/www.cars-in-china.com\/fr\/wp-json\/wp\/v2\/comments?post=12912"}],"wp:featuredmedia":[{"embeddable":true,"href":"https:\/\/www.cars-in-china.com\/fr\/wp-json\/wp\/v2\/media\/11158"}],"wp:attachment":[{"href":"https:\/\/www.cars-in-china.com\/fr\/wp-json\/wp\/v2\/media?parent=12912"}],"wp:term":[{"taxonomy":"product_brand","embeddable":true,"href":"https:\/\/www.cars-in-china.com\/fr\/wp-json\/wp\/v2\/product_brand?post=12912"},{"taxonomy":"product_cat","embeddable":true,"href":"https:\/\/www.cars-in-china.com\/fr\/wp-json\/wp\/v2\/product_cat?post=12912"},{"taxonomy":"product_tag","embeddable":true,"href":"https:\/\/www.cars-in-china.com\/fr\/wp-json\/wp\/v2\/product_tag?post=12912"}],"curies":[{"name":"wp","href":"https:\/\/api.w.org\/{rel}","templated":true}]}}