{"id":12613,"date":"2025-04-08T16:57:56","date_gmt":"2025-04-08T08:57:56","guid":{"rendered":"https:\/\/www.cars-in-china.com\/?post_type=product&#038;p=12613"},"modified":"2025-04-08T17:47:53","modified_gmt":"2025-04-08T09:47:53","slug":"2025-byd-seagull-2","status":"publish","type":"product","link":"https:\/\/www.cars-in-china.com\/fr\/2025-byd-seagull-2\/","title":{"rendered":"Mouette BYD 2025"},"content":{"rendered":"<p>2025 BYD Seagull est une berline vendue par l&#039;exportateur chinois de voitures \u00e9lectriques DUDU NEV (le revendeur officiel agr\u00e9\u00e9 de BYD). DUDU NEV poss\u00e8de des qualifications d&#039;exportation professionnelles, des qualifications compl\u00e8tes et des proc\u00e9dures d&#039;exportation pratiques et est une unit\u00e9 pilote d&#039;exportation automobile approuv\u00e9e par le minist\u00e8re du Commerce. Il y a maintenant 300 unit\u00e9s en stock sur la voiture disponibles pour exp\u00e9dition en 3 jours et la vitesse de livraison est rapide. La voiture est en vente dans le monde entier.<\/p>","protected":false},"excerpt":{"rendered":"<p>&nbsp;<\/p>\n<p>&nbsp;<\/p>\n<p>&nbsp;<\/p>\n<p>&nbsp;<\/p>","protected":false},"featured_media":11603,"comment_status":"closed","ping_status":"closed","template":"","meta":{"_acf_changed":false},"product_brand":[],"product_cat":[20,22],"product_tag":[],"class_list":{"0":"post-12613","1":"product","2":"type-product","3":"status-publish","4":"has-post-thumbnail","6":"product_cat-new-car","7":"product_cat-byd","9":"first","10":"instock","11":"shipping-taxable","12":"purchasable","13":"product-type-simple"},"acf":[],"_links":{"self":[{"href":"https:\/\/www.cars-in-china.com\/fr\/wp-json\/wp\/v2\/product\/12613","targetHints":{"allow":["GET"]}}],"collection":[{"href":"https:\/\/www.cars-in-china.com\/fr\/wp-json\/wp\/v2\/product"}],"about":[{"href":"https:\/\/www.cars-in-china.com\/fr\/wp-json\/wp\/v2\/types\/product"}],"replies":[{"embeddable":true,"href":"https:\/\/www.cars-in-china.com\/fr\/wp-json\/wp\/v2\/comments?post=12613"}],"wp:featuredmedia":[{"embeddable":true,"href":"https:\/\/www.cars-in-china.com\/fr\/wp-json\/wp\/v2\/media\/11603"}],"wp:attachment":[{"href":"https:\/\/www.cars-in-china.com\/fr\/wp-json\/wp\/v2\/media?parent=12613"}],"wp:term":[{"taxonomy":"product_brand","embeddable":true,"href":"https:\/\/www.cars-in-china.com\/fr\/wp-json\/wp\/v2\/product_brand?post=12613"},{"taxonomy":"product_cat","embeddable":true,"href":"https:\/\/www.cars-in-china.com\/fr\/wp-json\/wp\/v2\/product_cat?post=12613"},{"taxonomy":"product_tag","embeddable":true,"href":"https:\/\/www.cars-in-china.com\/fr\/wp-json\/wp\/v2\/product_tag?post=12613"}],"curies":[{"name":"wp","href":"https:\/\/api.w.org\/{rel}","templated":true}]}}