{"id":12508,"date":"2025-04-07T17:43:14","date_gmt":"2025-04-07T09:43:14","guid":{"rendered":"https:\/\/www.cars-in-china.com\/?post_type=product&#038;p=12508"},"modified":"2025-04-07T18:00:57","modified_gmt":"2025-04-07T10:00:57","slug":"2025-id-4-crozz","status":"publish","type":"product","link":"https:\/\/www.cars-in-china.com\/fr\/2025-id-4-crozz\/","title":{"rendered":"2025 ID.4 CROZZ"},"content":{"rendered":"<p>L&#039;ID.4 CROZZ 2025 est un SUV commercialis\u00e9 par DUDU NEV, exportateur chinois de v\u00e9hicules \u00e9lectriques (concessionnaire officiel VW). DUDU NEV b\u00e9n\u00e9ficie de qualifications professionnelles et compl\u00e8tes en mati\u00e8re d&#039;exportation, ainsi que de proc\u00e9dures d&#039;exportation simplifi\u00e9es. Il s&#039;agit d&#039;une unit\u00e9 pilote d&#039;exportation automobile agr\u00e9\u00e9e par le minist\u00e8re du Commerce. 300 exemplaires sont actuellement en stock et peuvent \u00eatre exp\u00e9di\u00e9s sous 3 jours. La livraison est rapide. Ce v\u00e9hicule est tr\u00e8s demand\u00e9 dans le monde entier.<\/p>","protected":false},"excerpt":{"rendered":"<p>&nbsp;<\/p>\n<p>&nbsp;<\/p>\n<p>&nbsp;<\/p>\n<p>&nbsp;<\/p>","protected":false},"featured_media":12257,"comment_status":"closed","ping_status":"closed","template":"","meta":{"_acf_changed":false},"product_brand":[],"product_cat":[20,29],"product_tag":[],"class_list":{"0":"post-12508","1":"product","2":"type-product","3":"status-publish","4":"has-post-thumbnail","6":"product_cat-new-car","7":"product_cat-volkswagen","9":"first","10":"instock","11":"shipping-taxable","12":"purchasable","13":"product-type-simple"},"acf":[],"_links":{"self":[{"href":"https:\/\/www.cars-in-china.com\/fr\/wp-json\/wp\/v2\/product\/12508","targetHints":{"allow":["GET"]}}],"collection":[{"href":"https:\/\/www.cars-in-china.com\/fr\/wp-json\/wp\/v2\/product"}],"about":[{"href":"https:\/\/www.cars-in-china.com\/fr\/wp-json\/wp\/v2\/types\/product"}],"replies":[{"embeddable":true,"href":"https:\/\/www.cars-in-china.com\/fr\/wp-json\/wp\/v2\/comments?post=12508"}],"wp:featuredmedia":[{"embeddable":true,"href":"https:\/\/www.cars-in-china.com\/fr\/wp-json\/wp\/v2\/media\/12257"}],"wp:attachment":[{"href":"https:\/\/www.cars-in-china.com\/fr\/wp-json\/wp\/v2\/media?parent=12508"}],"wp:term":[{"taxonomy":"product_brand","embeddable":true,"href":"https:\/\/www.cars-in-china.com\/fr\/wp-json\/wp\/v2\/product_brand?post=12508"},{"taxonomy":"product_cat","embeddable":true,"href":"https:\/\/www.cars-in-china.com\/fr\/wp-json\/wp\/v2\/product_cat?post=12508"},{"taxonomy":"product_tag","embeddable":true,"href":"https:\/\/www.cars-in-china.com\/fr\/wp-json\/wp\/v2\/product_tag?post=12508"}],"curies":[{"name":"wp","href":"https:\/\/api.w.org\/{rel}","templated":true}]}}