{"id":84,"date":"2024-05-01T01:26:55","date_gmt":"2024-05-01T01:26:55","guid":{"rendered":"https:\/\/www.cars-in-china.com\/?page_id=84"},"modified":"2024-09-20T02:45:54","modified_gmt":"2024-09-20T02:45:54","slug":"about-us","status":"publish","type":"page","link":"https:\/\/www.cars-in-china.com\/fr\/about-us\/","title":{"rendered":"\u00c0 propos de nous"},"content":{"rendered":"","protected":false},"excerpt":{"rendered":"<p>DUDU NEV est un exportateur chinois de premier plan de v\u00e9hicules \u00e9lectriques et l&#039;une des premi\u00e8res entreprises de haute qualit\u00e9 \u00e0 obtenir les qualifications d&#039;exportation de v\u00e9hicules \u00e9lectriques du minist\u00e8re chinois du Commerce. DUDU NEV a \u00e9tabli des partenariats d&#039;expansion \u00e0 l&#039;\u00e9tranger avec plus de 20 fabricants de v\u00e9hicules \u00e9lectriques tels que BMW, Mercedes-Benz, Geely et BYD, et a toujours fourni des solutions et des services d&#039;achat de v\u00e9hicules \u00e9lectriques chinois de la plus haute qualit\u00e9 aux clients mondiaux.<\/p>","protected":false},"author":1,"featured_media":0,"parent":0,"menu_order":0,"comment_status":"closed","ping_status":"closed","template":"","meta":{"_acf_changed":false,"footnotes":""},"class_list":["post-84","page","type-page","status-publish","hentry"],"acf":[],"_links":{"self":[{"href":"https:\/\/www.cars-in-china.com\/fr\/wp-json\/wp\/v2\/pages\/84","targetHints":{"allow":["GET"]}}],"collection":[{"href":"https:\/\/www.cars-in-china.com\/fr\/wp-json\/wp\/v2\/pages"}],"about":[{"href":"https:\/\/www.cars-in-china.com\/fr\/wp-json\/wp\/v2\/types\/page"}],"author":[{"embeddable":true,"href":"https:\/\/www.cars-in-china.com\/fr\/wp-json\/wp\/v2\/users\/1"}],"replies":[{"embeddable":true,"href":"https:\/\/www.cars-in-china.com\/fr\/wp-json\/wp\/v2\/comments?post=84"}],"version-history":[{"count":100,"href":"https:\/\/www.cars-in-china.com\/fr\/wp-json\/wp\/v2\/pages\/84\/revisions"}],"predecessor-version":[{"id":8873,"href":"https:\/\/www.cars-in-china.com\/fr\/wp-json\/wp\/v2\/pages\/84\/revisions\/8873"}],"wp:attachment":[{"href":"https:\/\/www.cars-in-china.com\/fr\/wp-json\/wp\/v2\/media?parent=84"}],"curies":[{"name":"wp","href":"https:\/\/api.w.org\/{rel}","templated":true}]}}