{"id":7723,"date":"2024-08-07T09:34:39","date_gmt":"2024-08-07T09:34:39","guid":{"rendered":"https:\/\/www.cars-in-china.com\/?post_type=product&#038;p=7723"},"modified":"2024-09-06T08:00:03","modified_gmt":"2024-09-06T08:00:03","slug":"2023-chery-toggo8-pro","status":"publish","type":"product","link":"https:\/\/www.cars-in-china.com\/es\/2023-chery-toggo8-pro\/","title":{"rendered":"2023 Chery TOGGO8 PRO"},"content":{"rendered":"<p>2023 CHERY TOGGO 8 PRO es un SUV vendido por el exportador de autom\u00f3viles el\u00e9ctricos de China DUDU NEV (distribuidor autorizado oficial de CHERY). DUDU NEV tiene calificaciones profesionales de exportaci\u00f3n, calificaciones completas y procedimientos de exportaci\u00f3n convenientes y es una unidad piloto de exportaci\u00f3n de autom\u00f3viles aprobada por el Ministerio de Comercio. El autom\u00f3vil est\u00e1 en buenas condiciones con un kilometraje muy bajo de aproximadamente 10,000-50,000 km. No es un accidente y tiene un informe de inspecci\u00f3n. Ahora hay 100 unidades en stock sobre el autom\u00f3vil disponible para env\u00edo en 3 d\u00edas. Es una venta caliente en todo el mundo.<\/p>","protected":false},"excerpt":{"rendered":"<p>CHERY TOGGO 8 PRO 2023 es un SUV vendido por el exportador de autom\u00f3viles el\u00e9ctricos de China DUDU NEV (distribuidor autorizado oficial de CHERY). DUDU NEV tiene calificaciones profesionales de exportaci\u00f3n, calificaciones completas y procedimientos de exportaci\u00f3n convenientes y es una unidad piloto de exportaci\u00f3n de autom\u00f3viles aprobada por el Ministerio de Comercio. El autom\u00f3vil est\u00e1 en buenas condiciones con un kilometraje muy bajo de aproximadamente 10,000 a 50,000 km. No es un accidente [\u2026]<\/p>","protected":false},"featured_media":6779,"comment_status":"open","ping_status":"closed","template":"","meta":{"_acf_changed":false},"product_brand":[],"product_cat":[20,38],"product_tag":[],"class_list":{"0":"post-7723","1":"product","2":"type-product","3":"status-publish","4":"has-post-thumbnail","6":"product_cat-new-car","7":"product_cat-chevrolet","9":"first","10":"instock","11":"shipping-taxable","12":"purchasable","13":"product-type-simple"},"acf":[],"_links":{"self":[{"href":"https:\/\/www.cars-in-china.com\/es\/wp-json\/wp\/v2\/product\/7723","targetHints":{"allow":["GET"]}}],"collection":[{"href":"https:\/\/www.cars-in-china.com\/es\/wp-json\/wp\/v2\/product"}],"about":[{"href":"https:\/\/www.cars-in-china.com\/es\/wp-json\/wp\/v2\/types\/product"}],"replies":[{"embeddable":true,"href":"https:\/\/www.cars-in-china.com\/es\/wp-json\/wp\/v2\/comments?post=7723"}],"wp:featuredmedia":[{"embeddable":true,"href":"https:\/\/www.cars-in-china.com\/es\/wp-json\/wp\/v2\/media\/6779"}],"wp:attachment":[{"href":"https:\/\/www.cars-in-china.com\/es\/wp-json\/wp\/v2\/media?parent=7723"}],"wp:term":[{"taxonomy":"product_brand","embeddable":true,"href":"https:\/\/www.cars-in-china.com\/es\/wp-json\/wp\/v2\/product_brand?post=7723"},{"taxonomy":"product_cat","embeddable":true,"href":"https:\/\/www.cars-in-china.com\/es\/wp-json\/wp\/v2\/product_cat?post=7723"},{"taxonomy":"product_tag","embeddable":true,"href":"https:\/\/www.cars-in-china.com\/es\/wp-json\/wp\/v2\/product_tag?post=7723"}],"curies":[{"name":"wp","href":"https:\/\/api.w.org\/{rel}","templated":true}]}}