{"id":6938,"date":"2024-08-01T03:14:17","date_gmt":"2024-08-01T03:14:17","guid":{"rendered":"https:\/\/www.cars-in-china.com\/?post_type=product&#038;p=6938"},"modified":"2024-08-01T03:40:41","modified_gmt":"2024-08-01T03:40:41","slug":"2023-genesis-g70","status":"publish","type":"product","link":"https:\/\/www.cars-in-china.com\/es\/2023-genesis-g70\/","title":{"rendered":"G\u00e9nesis G70 2023"},"content":{"rendered":"<p>2023 Genesis G70 es un SUV vendido por el exportador de autom\u00f3viles el\u00e9ctricos de China DUDU NEV (distribuidor autorizado oficial de Genesis). DUDU NEV tiene calificaciones profesionales de exportaci\u00f3n, calificaciones completas y procedimientos de exportaci\u00f3n convenientes y es una unidad piloto de exportaci\u00f3n de autom\u00f3viles aprobada por el Ministerio de Comercio. El autom\u00f3vil est\u00e1 en buenas condiciones con un kilometraje muy bajo de aproximadamente 10,000-50,000 km. No tiene accidentes y tiene un informe de inspecci\u00f3n. Ahora hay 100 unidades en stock sobre el autom\u00f3vil disponible para env\u00edo en 3 d\u00edas. Es una venta caliente en todo el mundo.<\/p>","protected":false},"excerpt":{"rendered":"<p>El Genesis G70 2023 es un SUV vendido por el exportador chino de autom\u00f3viles el\u00e9ctricos DUDU NEV (distribuidor oficial autorizado de Genesis). DUDU NEV cuenta con calificaciones profesionales de exportaci\u00f3n, calificaciones completas y procedimientos de exportaci\u00f3n convenientes y es una unidad piloto de exportaci\u00f3n de autom\u00f3viles aprobada por el Ministerio de Comercio. El autom\u00f3vil est\u00e1 en buenas condiciones con un kilometraje muy bajo de aproximadamente 10,000 a 50,000 km. Es [\u2026]<\/p>","protected":false},"featured_media":6928,"comment_status":"open","ping_status":"closed","template":"","meta":{"_acf_changed":false},"product_brand":[],"product_cat":[21,66],"product_tag":[],"class_list":{"0":"post-6938","1":"product","2":"type-product","3":"status-publish","4":"has-post-thumbnail","6":"product_cat-used-car","7":"product_cat-used-genesis","9":"first","10":"instock","11":"shipping-taxable","12":"purchasable","13":"product-type-simple"},"acf":[],"_links":{"self":[{"href":"https:\/\/www.cars-in-china.com\/es\/wp-json\/wp\/v2\/product\/6938","targetHints":{"allow":["GET"]}}],"collection":[{"href":"https:\/\/www.cars-in-china.com\/es\/wp-json\/wp\/v2\/product"}],"about":[{"href":"https:\/\/www.cars-in-china.com\/es\/wp-json\/wp\/v2\/types\/product"}],"replies":[{"embeddable":true,"href":"https:\/\/www.cars-in-china.com\/es\/wp-json\/wp\/v2\/comments?post=6938"}],"wp:featuredmedia":[{"embeddable":true,"href":"https:\/\/www.cars-in-china.com\/es\/wp-json\/wp\/v2\/media\/6928"}],"wp:attachment":[{"href":"https:\/\/www.cars-in-china.com\/es\/wp-json\/wp\/v2\/media?parent=6938"}],"wp:term":[{"taxonomy":"product_brand","embeddable":true,"href":"https:\/\/www.cars-in-china.com\/es\/wp-json\/wp\/v2\/product_brand?post=6938"},{"taxonomy":"product_cat","embeddable":true,"href":"https:\/\/www.cars-in-china.com\/es\/wp-json\/wp\/v2\/product_cat?post=6938"},{"taxonomy":"product_tag","embeddable":true,"href":"https:\/\/www.cars-in-china.com\/es\/wp-json\/wp\/v2\/product_tag?post=6938"}],"curies":[{"name":"wp","href":"https:\/\/api.w.org\/{rel}","templated":true}]}}