{"id":6150,"date":"2024-07-19T05:43:12","date_gmt":"2024-07-19T05:43:12","guid":{"rendered":"https:\/\/www.cars-in-china.com\/?post_type=product&#038;p=6150"},"modified":"2024-09-03T06:19:07","modified_gmt":"2024-09-03T06:19:07","slug":"2024-toyota-levin","status":"publish","type":"product","link":"https:\/\/www.cars-in-china.com\/es\/2024-toyota-levin\/","title":{"rendered":"Toyota Levin 2024"},"content":{"rendered":"<p>2024 TOYOTA LEVIN es un SUV vendido por el exportador de autom\u00f3viles el\u00e9ctricos de China DUDU NEV (distribuidor autorizado oficial de TOYOTA). DUDU NEV tiene calificaciones de exportaci\u00f3n profesionales, calificaciones completas y procedimientos de exportaci\u00f3n convenientes y es una unidad piloto de exportaci\u00f3n de autom\u00f3viles aprobada por el Ministerio de Comercio. Ahora hay 30 unidades en stock sobre el autom\u00f3vil disponible para env\u00edo en 3 d\u00edas y la velocidad de entrega es r\u00e1pida. El autom\u00f3vil se vende en caliente en todo el mundo.<\/p>","protected":false},"excerpt":{"rendered":"<p>El Toyota Levin 2024 es un SUV comercializado por DUDU NEV, distribuidor oficial autorizado de Toyota, exportador chino de veh\u00edculos el\u00e9ctricos. DUDU NEV cuenta con las certificaciones profesionales de exportaci\u00f3n, completas y procedimientos de exportaci\u00f3n convenientes, y es una unidad piloto de exportaci\u00f3n de autom\u00f3viles aprobada por el Ministerio de Comercio. Actualmente, hay 30 unidades en stock del veh\u00edculo, disponibles para env\u00edo en 3 d\u00edas. El plazo de entrega es de [\u2026]<\/p>","protected":false},"featured_media":4974,"comment_status":"open","ping_status":"closed","template":"","meta":{"_acf_changed":false},"product_brand":[],"product_cat":[20,28],"product_tag":[],"class_list":{"0":"post-6150","1":"product","2":"type-product","3":"status-publish","4":"has-post-thumbnail","6":"product_cat-new-car","7":"product_cat-toyota","9":"first","10":"instock","11":"shipping-taxable","12":"purchasable","13":"product-type-simple"},"acf":[],"_links":{"self":[{"href":"https:\/\/www.cars-in-china.com\/es\/wp-json\/wp\/v2\/product\/6150","targetHints":{"allow":["GET"]}}],"collection":[{"href":"https:\/\/www.cars-in-china.com\/es\/wp-json\/wp\/v2\/product"}],"about":[{"href":"https:\/\/www.cars-in-china.com\/es\/wp-json\/wp\/v2\/types\/product"}],"replies":[{"embeddable":true,"href":"https:\/\/www.cars-in-china.com\/es\/wp-json\/wp\/v2\/comments?post=6150"}],"wp:featuredmedia":[{"embeddable":true,"href":"https:\/\/www.cars-in-china.com\/es\/wp-json\/wp\/v2\/media\/4974"}],"wp:attachment":[{"href":"https:\/\/www.cars-in-china.com\/es\/wp-json\/wp\/v2\/media?parent=6150"}],"wp:term":[{"taxonomy":"product_brand","embeddable":true,"href":"https:\/\/www.cars-in-china.com\/es\/wp-json\/wp\/v2\/product_brand?post=6150"},{"taxonomy":"product_cat","embeddable":true,"href":"https:\/\/www.cars-in-china.com\/es\/wp-json\/wp\/v2\/product_cat?post=6150"},{"taxonomy":"product_tag","embeddable":true,"href":"https:\/\/www.cars-in-china.com\/es\/wp-json\/wp\/v2\/product_tag?post=6150"}],"curies":[{"name":"wp","href":"https:\/\/api.w.org\/{rel}","templated":true}]}}