{"id":4774,"date":"2024-07-08T02:23:28","date_gmt":"2024-07-08T02:23:28","guid":{"rendered":"https:\/\/www.cars-in-china.com\/?post_type=product&#038;p=4774"},"modified":"2024-09-10T06:57:37","modified_gmt":"2024-09-10T06:57:37","slug":"2023-kia-ev6","status":"publish","type":"product","link":"https:\/\/www.cars-in-china.com\/es\/2023-kia-ev6\/","title":{"rendered":"Kia EV6 2023"},"content":{"rendered":"<p>2023 Kia EV6 es un SVU vendido por el exportador de autom\u00f3viles el\u00e9ctricos de China DUDU NEV (distribuidor autorizado oficial de KIA). DUDU NEV tiene calificaciones de exportaci\u00f3n profesionales, calificaciones completas y procedimientos de exportaci\u00f3n convenientes y es una unidad piloto de exportaci\u00f3n de autom\u00f3viles aprobada por el Ministerio de Comercio. Ahora hay 300 unidades en stock sobre el autom\u00f3vil disponible para env\u00edo en 3 d\u00edas y la velocidad de entrega es r\u00e1pida. El autom\u00f3vil se vende en caliente en todo el mundo.<\/p>","protected":false},"excerpt":{"rendered":"<p>Kia EV6 2023 es un veh\u00edculo utilitario deportivo (SVU) vendido por el exportador chino de autom\u00f3viles el\u00e9ctricos DUDU NEV (distribuidor oficial autorizado de KIA). DUDU NEV cuenta con calificaciones profesionales de exportaci\u00f3n, calificaciones completas y procedimientos de exportaci\u00f3n convenientes y es una unidad piloto de exportaci\u00f3n de autom\u00f3viles aprobada por el Ministerio de Comercio. Ahora hay 300 unidades en stock sobre el autom\u00f3vil disponible para env\u00edo en 3 d\u00edas y [\u2026]<\/p>","protected":false},"featured_media":4309,"comment_status":"open","ping_status":"closed","template":"","meta":{"_acf_changed":false},"product_brand":[],"product_cat":[20,25],"product_tag":[],"class_list":{"0":"post-4774","1":"product","2":"type-product","3":"status-publish","4":"has-post-thumbnail","6":"product_cat-new-car","7":"product_cat-kn","9":"first","10":"instock","11":"shipping-taxable","12":"purchasable","13":"product-type-simple"},"acf":[],"_links":{"self":[{"href":"https:\/\/www.cars-in-china.com\/es\/wp-json\/wp\/v2\/product\/4774","targetHints":{"allow":["GET"]}}],"collection":[{"href":"https:\/\/www.cars-in-china.com\/es\/wp-json\/wp\/v2\/product"}],"about":[{"href":"https:\/\/www.cars-in-china.com\/es\/wp-json\/wp\/v2\/types\/product"}],"replies":[{"embeddable":true,"href":"https:\/\/www.cars-in-china.com\/es\/wp-json\/wp\/v2\/comments?post=4774"}],"wp:featuredmedia":[{"embeddable":true,"href":"https:\/\/www.cars-in-china.com\/es\/wp-json\/wp\/v2\/media\/4309"}],"wp:attachment":[{"href":"https:\/\/www.cars-in-china.com\/es\/wp-json\/wp\/v2\/media?parent=4774"}],"wp:term":[{"taxonomy":"product_brand","embeddable":true,"href":"https:\/\/www.cars-in-china.com\/es\/wp-json\/wp\/v2\/product_brand?post=4774"},{"taxonomy":"product_cat","embeddable":true,"href":"https:\/\/www.cars-in-china.com\/es\/wp-json\/wp\/v2\/product_cat?post=4774"},{"taxonomy":"product_tag","embeddable":true,"href":"https:\/\/www.cars-in-china.com\/es\/wp-json\/wp\/v2\/product_tag?post=4774"}],"curies":[{"name":"wp","href":"https:\/\/api.w.org\/{rel}","templated":true}]}}