{"id":4763,"date":"2024-07-04T07:28:53","date_gmt":"2024-07-04T07:28:53","guid":{"rendered":"https:\/\/www.cars-in-china.com\/?post_type=product&#038;p=4763"},"modified":"2024-09-02T08:48:55","modified_gmt":"2024-09-02T08:48:55","slug":"2022-mercedes-benz-eqe","status":"publish","type":"product","link":"https:\/\/www.cars-in-china.com\/es\/2022-mercedes-benz-eqe\/","title":{"rendered":"Mercedes-Benz EQE 2022"},"content":{"rendered":"<p>El Mercedes-Benz EQE 2022 es un veh\u00edculo mediano y grande vendido por el exportador de autom\u00f3viles el\u00e9ctricos de China DUDU NEV (distribuidor oficial autorizado de Mercedes). DUDU NEV tiene calificaciones de exportaci\u00f3n profesionales, calificaciones completas y procedimientos de exportaci\u00f3n convenientes y es una unidad piloto de exportaci\u00f3n de autom\u00f3viles aprobada por el Ministerio de Comercio.<\/p>\n<p>Ahora hay 300 unidades en stock del autom\u00f3vil disponible para env\u00edo en 3 d\u00edas y la velocidad de entrega es r\u00e1pida. El autom\u00f3vil se vende muy bien en todo el mundo.<\/p>","protected":false},"excerpt":{"rendered":"<p>El Mercedes-Benz EQE 2022 es un veh\u00edculo mediano y grande comercializado por DUDU NEV, exportador chino de veh\u00edculos el\u00e9ctricos (concesionario oficial autorizado de Mercedes). DUDU NEV cuenta con certificaciones profesionales de exportaci\u00f3n, completas certificaciones y procedimientos de exportaci\u00f3n convenientes, y es una unidad piloto de exportaci\u00f3n de autom\u00f3viles aprobada por el Ministerio de Comercio. Actualmente hay 300 unidades en stock disponibles para env\u00edo en 3 d\u00edas [\u2026]<\/p>","protected":false},"featured_media":4516,"comment_status":"open","ping_status":"closed","template":"","meta":{"_acf_changed":false},"product_brand":[],"product_cat":[20,32],"product_tag":[],"class_list":{"0":"post-4763","1":"product","2":"type-product","3":"status-publish","4":"has-post-thumbnail","6":"product_cat-new-car","7":"product_cat-mercedes-benz","9":"first","10":"instock","11":"shipping-taxable","12":"purchasable","13":"product-type-simple"},"acf":[],"_links":{"self":[{"href":"https:\/\/www.cars-in-china.com\/es\/wp-json\/wp\/v2\/product\/4763","targetHints":{"allow":["GET"]}}],"collection":[{"href":"https:\/\/www.cars-in-china.com\/es\/wp-json\/wp\/v2\/product"}],"about":[{"href":"https:\/\/www.cars-in-china.com\/es\/wp-json\/wp\/v2\/types\/product"}],"replies":[{"embeddable":true,"href":"https:\/\/www.cars-in-china.com\/es\/wp-json\/wp\/v2\/comments?post=4763"}],"wp:featuredmedia":[{"embeddable":true,"href":"https:\/\/www.cars-in-china.com\/es\/wp-json\/wp\/v2\/media\/4516"}],"wp:attachment":[{"href":"https:\/\/www.cars-in-china.com\/es\/wp-json\/wp\/v2\/media?parent=4763"}],"wp:term":[{"taxonomy":"product_brand","embeddable":true,"href":"https:\/\/www.cars-in-china.com\/es\/wp-json\/wp\/v2\/product_brand?post=4763"},{"taxonomy":"product_cat","embeddable":true,"href":"https:\/\/www.cars-in-china.com\/es\/wp-json\/wp\/v2\/product_cat?post=4763"},{"taxonomy":"product_tag","embeddable":true,"href":"https:\/\/www.cars-in-china.com\/es\/wp-json\/wp\/v2\/product_tag?post=4763"}],"curies":[{"name":"wp","href":"https:\/\/api.w.org\/{rel}","templated":true}]}}