{"id":3434,"date":"2024-06-24T09:05:44","date_gmt":"2024-06-24T09:05:44","guid":{"rendered":"https:\/\/www.cars-in-china.com\/?post_type=product&#038;p=3434"},"modified":"2024-09-05T08:35:41","modified_gmt":"2024-09-05T08:35:41","slug":"2024-aito-m5-ev","status":"publish","type":"product","link":"https:\/\/www.cars-in-china.com\/es\/2024-aito-m5-ev\/","title":{"rendered":"AITO M5 EV 2024"},"content":{"rendered":"<p>El AITO M5 EV 2024 es un SUV vendido por el exportador de autom\u00f3viles el\u00e9ctricos de China DUDU NEV (distribuidor autorizado oficial de AITO). DUDU NEV tiene calificaciones profesionales de exportaci\u00f3n, calificaciones completas y procedimientos de exportaci\u00f3n convenientes. Es una unidad piloto de exportaci\u00f3n de autom\u00f3viles aprobada por el Ministerio de Comercio. Ahora hay 300 unidades en stock del autom\u00f3vil disponibles para env\u00edo en 3 d\u00edas y la velocidad de entrega es r\u00e1pida. El autom\u00f3vil se vende en todo el mundo.<\/p>\n<p>&nbsp;<\/p>","protected":false},"excerpt":{"rendered":"<p>El AITO M5 EV 2024 es un SUV comercializado por DUDU NEV, exportador chino de veh\u00edculos el\u00e9ctricos (distribuidor oficial autorizado de AITO). DUDU NEV cuenta con certificaciones profesionales de exportaci\u00f3n, completas certificaciones y procedimientos de exportaci\u00f3n convenientes. Es una unidad piloto de exportaci\u00f3n de autom\u00f3viles aprobada por el Ministerio de Comercio. Actualmente hay 300 unidades disponibles para env\u00edo.<\/p>","protected":false},"featured_media":3328,"comment_status":"open","ping_status":"closed","template":"","meta":{"_acf_changed":false},"product_brand":[],"product_cat":[20,51],"product_tag":[],"class_list":{"0":"post-3434","1":"product","2":"type-product","3":"status-publish","4":"has-post-thumbnail","6":"product_cat-new-car","7":"product_cat-aito","9":"first","10":"instock","11":"shipping-taxable","12":"purchasable","13":"product-type-simple"},"acf":[],"_links":{"self":[{"href":"https:\/\/www.cars-in-china.com\/es\/wp-json\/wp\/v2\/product\/3434","targetHints":{"allow":["GET"]}}],"collection":[{"href":"https:\/\/www.cars-in-china.com\/es\/wp-json\/wp\/v2\/product"}],"about":[{"href":"https:\/\/www.cars-in-china.com\/es\/wp-json\/wp\/v2\/types\/product"}],"replies":[{"embeddable":true,"href":"https:\/\/www.cars-in-china.com\/es\/wp-json\/wp\/v2\/comments?post=3434"}],"wp:featuredmedia":[{"embeddable":true,"href":"https:\/\/www.cars-in-china.com\/es\/wp-json\/wp\/v2\/media\/3328"}],"wp:attachment":[{"href":"https:\/\/www.cars-in-china.com\/es\/wp-json\/wp\/v2\/media?parent=3434"}],"wp:term":[{"taxonomy":"product_brand","embeddable":true,"href":"https:\/\/www.cars-in-china.com\/es\/wp-json\/wp\/v2\/product_brand?post=3434"},{"taxonomy":"product_cat","embeddable":true,"href":"https:\/\/www.cars-in-china.com\/es\/wp-json\/wp\/v2\/product_cat?post=3434"},{"taxonomy":"product_tag","embeddable":true,"href":"https:\/\/www.cars-in-china.com\/es\/wp-json\/wp\/v2\/product_tag?post=3434"}],"curies":[{"name":"wp","href":"https:\/\/api.w.org\/{rel}","templated":true}]}}