{"id":3220,"date":"2024-06-20T06:10:28","date_gmt":"2024-06-20T06:10:28","guid":{"rendered":"https:\/\/www.cars-in-china.com\/?post_type=product&#038;p=3220"},"modified":"2025-02-05T13:52:35","modified_gmt":"2025-02-05T05:52:35","slug":"2022-chang-an-eado-ev460","status":"publish","type":"product","link":"https:\/\/www.cars-in-china.com\/es\/2022-chang-an-eado-ev460\/","title":{"rendered":"Changan Eado EV460 2022"},"content":{"rendered":"<p>Changan Eado 2022 es un sed\u00e1n vendido por el exportador de autom\u00f3viles el\u00e9ctricos de China DUDU NEV (distribuidor autorizado oficial de Changan). El autom\u00f3vil est\u00e1 en buenas condiciones con un kilometraje muy bajo de aproximadamente 60,000-100,000 km. No ha sufrido accidentes y tiene un informe de inspecci\u00f3n. Ahora hay 400 unidades en stock sobre el autom\u00f3vil disponibles para env\u00edo en 3 d\u00edas. El autom\u00f3vil est\u00e1 equipado con una imagen Astern. Es una venta caliente en todo el mundo.<\/p>\n<p>&nbsp;<\/p>","protected":false},"excerpt":{"rendered":"<p>El Changan Eado 2022 es un sed\u00e1n vendido por DUDU NEV, exportador chino de veh\u00edculos el\u00e9ctricos (concesionario oficial autorizado de Changan). El veh\u00edculo se encuentra en buen estado, con un kilometraje muy bajo, de unos 60\u00a0000 a 100\u00a0000 km. No ha sufrido accidentes y cuenta con un informe de inspecci\u00f3n. Actualmente hay 400 unidades en stock, disponibles para env\u00edo en 3 d\u00edas. El veh\u00edculo [\u2026]<\/p>","protected":false},"featured_media":9080,"comment_status":"closed","ping_status":"closed","template":"","meta":{"_acf_changed":false},"product_brand":[],"product_cat":[21,47],"product_tag":[],"class_list":{"0":"post-3220","1":"product","2":"type-product","3":"status-publish","4":"has-post-thumbnail","6":"product_cat-used-car","7":"product_cat-used-changan","9":"first","10":"instock","11":"shipping-taxable","12":"purchasable","13":"product-type-simple"},"acf":[],"_links":{"self":[{"href":"https:\/\/www.cars-in-china.com\/es\/wp-json\/wp\/v2\/product\/3220","targetHints":{"allow":["GET"]}}],"collection":[{"href":"https:\/\/www.cars-in-china.com\/es\/wp-json\/wp\/v2\/product"}],"about":[{"href":"https:\/\/www.cars-in-china.com\/es\/wp-json\/wp\/v2\/types\/product"}],"replies":[{"embeddable":true,"href":"https:\/\/www.cars-in-china.com\/es\/wp-json\/wp\/v2\/comments?post=3220"}],"wp:featuredmedia":[{"embeddable":true,"href":"https:\/\/www.cars-in-china.com\/es\/wp-json\/wp\/v2\/media\/9080"}],"wp:attachment":[{"href":"https:\/\/www.cars-in-china.com\/es\/wp-json\/wp\/v2\/media?parent=3220"}],"wp:term":[{"taxonomy":"product_brand","embeddable":true,"href":"https:\/\/www.cars-in-china.com\/es\/wp-json\/wp\/v2\/product_brand?post=3220"},{"taxonomy":"product_cat","embeddable":true,"href":"https:\/\/www.cars-in-china.com\/es\/wp-json\/wp\/v2\/product_cat?post=3220"},{"taxonomy":"product_tag","embeddable":true,"href":"https:\/\/www.cars-in-china.com\/es\/wp-json\/wp\/v2\/product_tag?post=3220"}],"curies":[{"name":"wp","href":"https:\/\/api.w.org\/{rel}","templated":true}]}}