{"id":2877,"date":"2024-06-18T08:32:41","date_gmt":"2024-06-18T08:32:41","guid":{"rendered":"https:\/\/www.cars-in-china.com\/?post_type=product&#038;p=2877"},"modified":"2024-08-14T05:53:04","modified_gmt":"2024-08-14T05:53:04","slug":"2021-id-6-pure","status":"publish","type":"product","link":"https:\/\/www.cars-in-china.com\/es\/2021-id-6-pure\/","title":{"rendered":"ID.6 PURO+ 2021\u00a0"},"content":{"rendered":"<p>El ID.6 PURE+ 2021 es un SUV vendido por el distribuidor de autom\u00f3viles el\u00e9ctricos de China DUDU NEV (distribuidor autorizado oficial de Volkswagen). El autom\u00f3vil est\u00e1 en buenas condiciones con un kilometraje muy bajo de aproximadamente 10 000 a 50 000 km. No ha sufrido accidentes y tiene un informe de inspecci\u00f3n. Ahora hay 400 unidades en stock del autom\u00f3vil disponibles para env\u00edo en 3 d\u00edas. El autom\u00f3vil est\u00e1 equipado con im\u00e1genes panor\u00e1micas de 360 grados. Es un producto de gran venta en todo el mundo.<\/p>","protected":false},"excerpt":{"rendered":"<p>El ID.6 PURE+ 2021 es un SUV vendido por el proveedor chino de veh\u00edculos el\u00e9ctricos DUDU NEV (concesionario oficial autorizado de Volkswagen). El veh\u00edculo se encuentra en buen estado, con un kilometraje muy bajo, de entre 10\u00a0000 y 50\u00a0000 km. No ha sufrido accidentes y cuenta con un informe de inspecci\u00f3n. Actualmente hay 400 unidades en stock, disponibles para env\u00edo en 3 d\u00edas. El veh\u00edculo est\u00e1 equipado con 360 [\u2026]<\/p>","protected":false},"featured_media":2711,"comment_status":"open","ping_status":"closed","template":"","meta":{"_acf_changed":false},"product_brand":[],"product_cat":[21,44],"product_tag":[],"class_list":{"0":"post-2877","1":"product","2":"type-product","3":"status-publish","4":"has-post-thumbnail","6":"product_cat-used-car","7":"product_cat-used-volkswagen","9":"first","10":"instock","11":"shipping-taxable","12":"purchasable","13":"product-type-simple"},"acf":[],"_links":{"self":[{"href":"https:\/\/www.cars-in-china.com\/es\/wp-json\/wp\/v2\/product\/2877","targetHints":{"allow":["GET"]}}],"collection":[{"href":"https:\/\/www.cars-in-china.com\/es\/wp-json\/wp\/v2\/product"}],"about":[{"href":"https:\/\/www.cars-in-china.com\/es\/wp-json\/wp\/v2\/types\/product"}],"replies":[{"embeddable":true,"href":"https:\/\/www.cars-in-china.com\/es\/wp-json\/wp\/v2\/comments?post=2877"}],"wp:featuredmedia":[{"embeddable":true,"href":"https:\/\/www.cars-in-china.com\/es\/wp-json\/wp\/v2\/media\/2711"}],"wp:attachment":[{"href":"https:\/\/www.cars-in-china.com\/es\/wp-json\/wp\/v2\/media?parent=2877"}],"wp:term":[{"taxonomy":"product_brand","embeddable":true,"href":"https:\/\/www.cars-in-china.com\/es\/wp-json\/wp\/v2\/product_brand?post=2877"},{"taxonomy":"product_cat","embeddable":true,"href":"https:\/\/www.cars-in-china.com\/es\/wp-json\/wp\/v2\/product_cat?post=2877"},{"taxonomy":"product_tag","embeddable":true,"href":"https:\/\/www.cars-in-china.com\/es\/wp-json\/wp\/v2\/product_tag?post=2877"}],"curies":[{"name":"wp","href":"https:\/\/api.w.org\/{rel}","templated":true}]}}